{"id":3150,"date":"2024-12-19T12:30:48","date_gmt":"2024-12-19T09:30:48","guid":{"rendered":"https:\/\/prochefmarket.com\/?post_type=product&#038;p=3150"},"modified":"2025-01-28T20:02:45","modified_gmt":"2025-01-28T17:02:45","slug":"k04-konteyner","status":"publish","type":"product","link":"https:\/\/prochefmarket.com\/fr\/produit\/k04-konteyner\/","title":{"rendered":"Conteneur K04"},"content":{"rendered":"<p>Les b\u00e2timents conteneurs sont des espaces de vie qui peuvent \u00eatre produits de mani\u00e8re \u00e9conomique et rapide. Les structures de conteneurs qui peuvent \u00eatre fa\u00e7onn\u00e9es selon vos besoins sont des structures de haute qualit\u00e9 et durables. De plus, comme il s\u2019agit de structures qui ne n\u00e9cessitent pas de licence, elles constituent la solution la plus pratique et la plus s\u00fbre pour les usages personnels et professionnels.<\/p>","protected":false},"excerpt":{"rendered":"<p>Les b\u00e2timents conteneurs sont des espaces de vie qui peuvent \u00eatre produits de mani\u00e8re \u00e9conomique et rapide. Les structures de conteneurs qui peuvent \u00eatre fa\u00e7onn\u00e9es selon vos besoins sont des structures de haute qualit\u00e9 et durables. De plus, comme il s\u2019agit de structures qui ne n\u00e9cessitent pas de licence, elles constituent la solution la plus pratique et la plus s\u00fbre pour les usages personnels et professionnels.<\/p>","protected":false},"featured_media":3153,"comment_status":"open","ping_status":"closed","template":"","meta":{"inline_featured_image":false,"pgc_sgb_lightbox_settings":"","wds_primary_product_brand":0,"wds_primary_product_cat":0},"product_brand":[],"product_cat":[49,48],"product_tag":[],"class_list":{"0":"post-3150","1":"product","2":"type-product","3":"status-publish","4":"has-post-thumbnail","6":"product_cat-300x700-21m-konteyner","7":"product_cat-konteyner","9":"first","10":"instock","11":"shipping-taxable","12":"product-type-simple"},"_links":{"self":[{"href":"https:\/\/prochefmarket.com\/fr\/wp-json\/wp\/v2\/product\/3150","targetHints":{"allow":["GET"]}}],"collection":[{"href":"https:\/\/prochefmarket.com\/fr\/wp-json\/wp\/v2\/product"}],"about":[{"href":"https:\/\/prochefmarket.com\/fr\/wp-json\/wp\/v2\/types\/product"}],"replies":[{"embeddable":true,"href":"https:\/\/prochefmarket.com\/fr\/wp-json\/wp\/v2\/comments?post=3150"}],"wp:featuredmedia":[{"embeddable":true,"href":"https:\/\/prochefmarket.com\/fr\/wp-json\/wp\/v2\/media\/3153"}],"wp:attachment":[{"href":"https:\/\/prochefmarket.com\/fr\/wp-json\/wp\/v2\/media?parent=3150"}],"wp:term":[{"taxonomy":"product_brand","embeddable":true,"href":"https:\/\/prochefmarket.com\/fr\/wp-json\/wp\/v2\/product_brand?post=3150"},{"taxonomy":"product_cat","embeddable":true,"href":"https:\/\/prochefmarket.com\/fr\/wp-json\/wp\/v2\/product_cat?post=3150"},{"taxonomy":"product_tag","embeddable":true,"href":"https:\/\/prochefmarket.com\/fr\/wp-json\/wp\/v2\/product_tag?post=3150"}],"curies":[{"name":"wp","href":"https:\/\/api.w.org\/{rel}","templated":true}]}}