{"id":3019,"date":"2024-12-18T21:12:22","date_gmt":"2024-12-18T18:12:22","guid":{"rendered":"https:\/\/prochefmarket.com\/?post_type=product&#038;p=3019"},"modified":"2024-12-18T21:12:22","modified_gmt":"2024-12-18T18:12:22","slug":"85m2-prefabrik-ev","status":"publish","type":"product","link":"https:\/\/prochefmarket.com\/fr\/produit\/85m2-prefabrik-ev\/","title":{"rendered":"Maison pr\u00e9fabriqu\u00e9e de 85 m2"},"content":{"rendered":"<p><strong>\u00c9paisseur de la paroi int\u00e9rieure :<\/strong>\u00a010 cm<br \/>\n<strong>\u00c9paisseur de la paroi ext\u00e9rieure :<\/strong>\u00a010 cm<br \/>\n<strong>Plafond:<\/strong>\u00a0Plafond suspendu en pl\u00e2tre satin\u00e9<br \/>\n<strong>Couverture de toiture :<\/strong>\u00a0Couleur des carreaux garantie 10 ans contre la corrosion<br \/>\n<strong>Porte:<\/strong>\u00a0Porte am\u00e9ricaine \u00e0 cadre en bois<br \/>\n<strong>Fen\u00eatre:<\/strong>\u00a0Toutes les fen\u00eatres \u00e0 double vitrage<br \/>\n<strong>Porte ext\u00e9rieure :<\/strong>\u00a0Acier<\/p>\n<p>B\u00e9ton v\u00e9ritable utilis\u00e9 dans les murs des structures pr\u00e9fabriqu\u00e9es<br \/>\nmarkal\u0131 paneller t\u00fcm do\u011fa ko\u015fullar\u0131na ( su, nem, \u0131s\u0131 )\u00a0&#8216;ya kar\u015f\u0131 53 y\u0131l garantilidir.<\/p>","protected":false},"excerpt":{"rendered":"<p>Les tremblements de terre qui se produisent fr\u00e9quemment dans notre pays ces derniers temps ont amen\u00e9 les gens \u00e0 penser en premier lieu \u00e0 la s\u00e9curit\u00e9 des personnes. Quelle que soit la r\u00e9sistance des structures fixes et renforc\u00e9es aux tremblements de terre, elles sont in\u00e9vitablement endommag\u00e9es. \u00c0 cette \u00e9poque, la facilit\u00e9 de vie et les avantages des maisons pr\u00e9fabriqu\u00e9es \u00e9taient privil\u00e9gi\u00e9s.<\/p>\n<p><b><i class=\"fas fa-long-arrow-alt-down\"><\/i>\u00a0Services inclus dans le prix<\/b><br \/>\n\u2022 Fourniture et pose de mat\u00e9riaux de construction.<br \/>\n\u2022 Travaux de peinture et de badigeonnage.<br \/>\n\u2022 Installation de toutes portes int\u00e9rieures et ext\u00e9rieures.<br \/>\n\u2022 Pose de fen\u00eatres avec menuiseries plastiques et double vitrage.<br \/>\n\u2022 L&#039;installation \u00e9lectrique et les \u00e9quipements sont inclus dans le prix.<\/p>","protected":false},"featured_media":3020,"comment_status":"open","ping_status":"closed","template":"","meta":{"inline_featured_image":false,"pgc_sgb_lightbox_settings":"","wds_primary_product_brand":0,"wds_primary_product_cat":0},"product_brand":[],"product_cat":[45,46],"product_tag":[],"class_list":{"0":"post-3019","1":"product","2":"type-product","3":"status-publish","4":"has-post-thumbnail","6":"product_cat-prefabrik","7":"product_cat-tek-katli-prefabrik-evler","9":"first","10":"instock","11":"shipping-taxable","12":"product-type-simple"},"_links":{"self":[{"href":"https:\/\/prochefmarket.com\/fr\/wp-json\/wp\/v2\/product\/3019","targetHints":{"allow":["GET"]}}],"collection":[{"href":"https:\/\/prochefmarket.com\/fr\/wp-json\/wp\/v2\/product"}],"about":[{"href":"https:\/\/prochefmarket.com\/fr\/wp-json\/wp\/v2\/types\/product"}],"replies":[{"embeddable":true,"href":"https:\/\/prochefmarket.com\/fr\/wp-json\/wp\/v2\/comments?post=3019"}],"wp:featuredmedia":[{"embeddable":true,"href":"https:\/\/prochefmarket.com\/fr\/wp-json\/wp\/v2\/media\/3020"}],"wp:attachment":[{"href":"https:\/\/prochefmarket.com\/fr\/wp-json\/wp\/v2\/media?parent=3019"}],"wp:term":[{"taxonomy":"product_brand","embeddable":true,"href":"https:\/\/prochefmarket.com\/fr\/wp-json\/wp\/v2\/product_brand?post=3019"},{"taxonomy":"product_cat","embeddable":true,"href":"https:\/\/prochefmarket.com\/fr\/wp-json\/wp\/v2\/product_cat?post=3019"},{"taxonomy":"product_tag","embeddable":true,"href":"https:\/\/prochefmarket.com\/fr\/wp-json\/wp\/v2\/product_tag?post=3019"}],"curies":[{"name":"wp","href":"https:\/\/api.w.org\/{rel}","templated":true}]}}