{"id":1181,"date":"2024-08-14T15:18:37","date_gmt":"2024-08-14T15:18:37","guid":{"rendered":"https:\/\/gramentheme.com\/wp\/xbuild\/?page_id=1181"},"modified":"2024-11-20T21:01:35","modified_gmt":"2024-11-20T18:01:35","slug":"sikca-sorulan-sorular","status":"publish","type":"page","link":"https:\/\/prochefmarket.com\/fr\/sikca-sorulan-sorular\/","title":{"rendered":"Questions fr\u00e9quemment pos\u00e9es"},"content":{"rendered":"<div data-elementor-type=\"wp-page\" data-elementor-id=\"1181\" class=\"elementor elementor-1181\" data-elementor-post-type=\"page\">\n\t\t\t\t<div class=\"elementor-element elementor-element-840e39c e-flex e-con-boxed e-con e-parent\" data-id=\"840e39c\" data-element_type=\"container\" data-settings=\"{&quot;background_background&quot;:&quot;classic&quot;}\">\n\t\t\t\t\t<div class=\"e-con-inner\">\n\t\t<div class=\"elementor-element elementor-element-dcf3a16 e-con-full e-flex e-con e-child\" data-id=\"dcf3a16\" data-element_type=\"container\">\n\t\t\t\t<div class=\"elementor-element elementor-element-8413727 elementor-widget elementor-widget-konstic-theme-accordion-widget\" data-id=\"8413727\" data-element_type=\"widget\" data-widget_type=\"konstic-theme-accordion-widget.default\">\n\t\t\t\t<div class=\"elementor-widget-container\">\n\t\t\t\r\n<div class=\"faq-wrapper\">\r\n\t<div class=\"faq-accordion ms-0\">\r\n\t\t<div class=\"accordion\" id=\"accordion\">\r\n\t\t\t\t\t\t<div class=\"accordion-item mb-3\">\r\n\t\t\t\t<h5 class=\"accordion-header\">\r\n\t\t\t\t\t<button class=\"accordion-button collapsed\" type=\"button\" data-bs-toggle=\"collapse\" data-bs-target=\"#faq0\" aria-expanded=\"true\" aria-controls=\"faq0\">\r\n\t\t\t\t\t\t1- Pourquoi privil\u00e9gier les structures l\u00e9g\u00e8res en acier ?\t\t\t\t\t<\/button>\r\n\t\t\t\t<\/h5>\r\n\t\t\t\t<div id=\"faq0\" class=\"accordion-collapse collapse\" data-bs-parent=\"#accordion\">\r\n\t\t\t\t\t<div class=\"accordion-body\">\r\n\t\t\t\t\t\tLes structures en acier l\u00e9ger offrent des avantages tels que la durabilit\u00e9, la flexibilit\u00e9 et la rapidit\u00e9. Il pr\u00e9sente une r\u00e9sistance \u00e9lev\u00e9e aux tremblements de terre et peut \u00eatre construit dans un d\u00e9lai plus court que les syst\u00e8mes de construction traditionnels. De plus, l\u2019acier l\u00e9ger est un mat\u00e9riau de construction respectueux de l\u2019environnement.\t\t\t\t\t<\/div>\r\n\t\t\t\t<\/div>\r\n\t\t\t<\/div>\r\n\t\t\t\t\t\t<div class=\"accordion-item mb-3\">\r\n\t\t\t\t<h5 class=\"accordion-header\">\r\n\t\t\t\t\t<button class=\"accordion-button collapsed\" type=\"button\" data-bs-toggle=\"collapse\" data-bs-target=\"#faq1\" aria-expanded=\"true\" aria-controls=\"faq1\">\r\n\t\t\t\t\t\t2- Combien de temps faut-il entre la planification d\u2019un projet et sa livraison ?\t\t\t\t\t<\/button>\r\n\t\t\t\t<\/h5>\r\n\t\t\t\t<div id=\"faq1\" class=\"accordion-collapse collapse show\" data-bs-parent=\"#accordion\">\r\n\t\t\t\t\t<div class=\"accordion-body\">\r\n\t\t\t\t\t\tLe processus peut varier en fonction de la port\u00e9e du projet et des exigences. Les projets en acier l\u00e9ger sont g\u00e9n\u00e9ralement achev\u00e9s dans un d\u00e9lai de 1 \u00e0 3 mois, mais le calendrier est d\u00e9termin\u00e9 par la taille du projet et les demandes des clients.\t\t\t\t\t<\/div>\r\n\t\t\t\t<\/div>\r\n\t\t\t<\/div>\r\n\t\t\t\t\t\t<div class=\"accordion-item mb-3\">\r\n\t\t\t\t<h5 class=\"accordion-header\">\r\n\t\t\t\t\t<button class=\"accordion-button collapsed\" type=\"button\" data-bs-toggle=\"collapse\" data-bs-target=\"#faq2\" aria-expanded=\"true\" aria-controls=\"faq2\">\r\n\t\t\t\t\t\t3- Quelle est la durabilit\u00e9 des structures en acier l\u00e9ger ?\t\t\t\t\t<\/button>\r\n\t\t\t\t<\/h5>\r\n\t\t\t\t<div id=\"faq2\" class=\"accordion-collapse collapse\" data-bs-parent=\"#accordion\">\r\n\t\t\t\t\t<div class=\"accordion-body\">\r\n\t\t\t\t\t\tGr\u00e2ce \u00e0 sa haute r\u00e9sistance, l\u2019acier l\u00e9ger est durable et r\u00e9sistant aux facteurs externes. Il est \u00e9galement r\u00e9sistant \u00e0 la rouille et au feu et peut \u00eatre utilis\u00e9 en toute s\u00e9curit\u00e9 pendant des ann\u00e9es.\t\t\t\t\t<\/div>\r\n\t\t\t\t<\/div>\r\n\t\t\t<\/div>\r\n\t\t\t\t\t\t<div class=\"accordion-item mb-3\">\r\n\t\t\t\t<h5 class=\"accordion-header\">\r\n\t\t\t\t\t<button class=\"accordion-button collapsed\" type=\"button\" data-bs-toggle=\"collapse\" data-bs-target=\"#faq3\" aria-expanded=\"true\" aria-controls=\"faq3\">\r\n\t\t\t\t\t\t4- Quel est le co\u00fbt des structures l\u00e9g\u00e8res en acier ?\t\t\t\t\t<\/button>\r\n\t\t\t\t<\/h5>\r\n\t\t\t\t<div id=\"faq3\" class=\"accordion-collapse collapse\" data-bs-parent=\"#accordion\">\r\n\t\t\t\t\t<div class=\"accordion-body\">\r\n\t\t\t\t\t\tLes co\u00fbts varient en fonction de la taille du projet, des d\u00e9tails de conception et des mat\u00e9riaux utilis\u00e9s. L&#039;acier l\u00e9ger offre une solution \u00e9conomique \u00e0 long terme gr\u00e2ce \u00e0 sa pose rapide et ses faibles co\u00fbts d&#039;entretien.\t\t\t\t\t<\/div>\r\n\t\t\t\t<\/div>\r\n\t\t\t<\/div>\r\n\t\t\t\t\t\t<div class=\"accordion-item mb-3\">\r\n\t\t\t\t<h5 class=\"accordion-header\">\r\n\t\t\t\t\t<button class=\"accordion-button collapsed\" type=\"button\" data-bs-toggle=\"collapse\" data-bs-target=\"#faq4\" aria-expanded=\"true\" aria-controls=\"faq4\">\r\n\t\t\t\t\t\t5- Quels sont les domaines d\u2019utilisation des structures conteneurs ?\t\t\t\t\t<\/button>\r\n\t\t\t\t<\/h5>\r\n\t\t\t\t<div id=\"faq4\" class=\"accordion-collapse collapse\" data-bs-parent=\"#accordion\">\r\n\t\t\t\t\t<div class=\"accordion-body\">\r\n\t\t\t\t\t\tLes structures de conteneurs sont utilis\u00e9es dans divers domaines tels que les bureaux, les chantiers de construction, les unit\u00e9s d&#039;h\u00e9bergement temporaires et les cabines de s\u00e9curit\u00e9. Ils offrent une solution de construction flexible et pratique gr\u00e2ce \u00e0 leur portabilit\u00e9 et leur installation rapide.\t\t\t\t\t<\/div>\r\n\t\t\t\t<\/div>\r\n\t\t\t<\/div>\r\n\t\t\t\t\t\t<div class=\"accordion-item mb-3\">\r\n\t\t\t\t<h5 class=\"accordion-header\">\r\n\t\t\t\t\t<button class=\"accordion-button collapsed\" type=\"button\" data-bs-toggle=\"collapse\" data-bs-target=\"#faq5\" aria-expanded=\"true\" aria-controls=\"faq5\">\r\n\t\t\t\t\t\t6- Dans quelles r\u00e9gions Pro Chef offre-t-il ses services ?\t\t\t\t\t<\/button>\r\n\t\t\t\t<\/h5>\r\n\t\t\t\t<div id=\"faq5\" class=\"accordion-collapse collapse\" data-bs-parent=\"#accordion\">\r\n\t\t\t\t\t<div class=\"accordion-body\">\r\n\t\t\t\t\t\tPro Chef fournit des services dans toute la Turquie. Selon le projet, des services \u00e0 l\u2019\u00e9tranger peuvent \u00e9galement \u00eatre envisag\u00e9s. Nous proposons des solutions sp\u00e9ciales selon vos besoins.\t\t\t\t\t<\/div>\r\n\t\t\t\t<\/div>\r\n\t\t\t<\/div>\r\n\t\t\t\t\t\t<div class=\"accordion-item mb-3\">\r\n\t\t\t\t<h5 class=\"accordion-header\">\r\n\t\t\t\t\t<button class=\"accordion-button collapsed\" type=\"button\" data-bs-toggle=\"collapse\" data-bs-target=\"#faq6\" aria-expanded=\"true\" aria-controls=\"faq6\">\r\n\t\t\t\t\t\t7- Offrez-vous un accompagnement \u00e0 chaque \u00e9tape du projet ?\t\t\t\t\t<\/button>\r\n\t\t\t\t<\/h5>\r\n\t\t\t\t<div id=\"faq6\" class=\"accordion-collapse collapse\" data-bs-parent=\"#accordion\">\r\n\t\t\t\t\t<div class=\"accordion-body\">\r\n\t\t\t\t\t\tOui, nous vous accompagnons \u00e0 chaque \u00e9tape du projet du d\u00e9but \u00e0 la fin. Nous vous accompagnons avec notre \u00e9quipe d&#039;experts dans les phases de conception, de planification, de production et d&#039;installation. Nous offrons \u00e9galement un support technique apr\u00e8s-vente.\t\t\t\t\t<\/div>\r\n\t\t\t\t<\/div>\r\n\t\t\t<\/div>\r\n\t\t\t\t\t\t<div class=\"accordion-item mb-3\">\r\n\t\t\t\t<h5 class=\"accordion-header\">\r\n\t\t\t\t\t<button class=\"accordion-button collapsed\" type=\"button\" data-bs-toggle=\"collapse\" data-bs-target=\"#faq7\" aria-expanded=\"true\" aria-controls=\"faq7\">\r\n\t\t\t\t\t\t8- \u00c0 quelles conditions climatiques les structures l\u00e9g\u00e8res en acier sont-elles adapt\u00e9es ?\t\t\t\t\t<\/button>\r\n\t\t\t\t<\/h5>\r\n\t\t\t\t<div id=\"faq7\" class=\"accordion-collapse collapse\" data-bs-parent=\"#accordion\">\r\n\t\t\t\t\t<div class=\"accordion-body\">\r\n\t\t\t\t\t\tLes structures en acier l\u00e9ger peuvent \u00eatre con\u00e7ues pour r\u00e9sister \u00e0 diff\u00e9rentes conditions climatiques. L&#039;adaptation \u00e0 toutes les conditions est obtenue en utilisant des syst\u00e8mes d&#039;isolation et de rev\u00eatement appropri\u00e9s pour les climats chauds, froids, humides ou secs.\t\t\t\t\t<\/div>\r\n\t\t\t\t<\/div>\r\n\t\t\t<\/div>\r\n\t\t\t\t\t\t<div class=\"accordion-item mb-3\">\r\n\t\t\t\t<h5 class=\"accordion-header\">\r\n\t\t\t\t\t<button class=\"accordion-button collapsed\" type=\"button\" data-bs-toggle=\"collapse\" data-bs-target=\"#faq8\" aria-expanded=\"true\" aria-controls=\"faq8\">\r\n\t\t\t\t\t\t9- Les structures l\u00e9g\u00e8res en acier n\u00e9cessitent-elles un entretien ?\t\t\t\t\t<\/button>\r\n\t\t\t\t<\/h5>\r\n\t\t\t\t<div id=\"faq8\" class=\"accordion-collapse collapse\" data-bs-parent=\"#accordion\">\r\n\t\t\t\t\t<div class=\"accordion-body\">\r\n\t\t\t\t\t\tLes structures en acier l\u00e9ger n\u00e9cessitent peu d\u2019entretien. Ils sont prot\u00e9g\u00e9s par un rev\u00eatement antirouille, il suffit donc de les v\u00e9rifier p\u00e9riodiquement. Avec un bon entretien, la dur\u00e9e de vie de la structure peut \u00eatre encore prolong\u00e9e.\t\t\t\t\t<\/div>\r\n\t\t\t\t<\/div>\r\n\t\t\t<\/div>\r\n\t\t\t\t\t\t<div class=\"accordion-item mb-3\">\r\n\t\t\t\t<h5 class=\"accordion-header\">\r\n\t\t\t\t\t<button class=\"accordion-button collapsed\" type=\"button\" data-bs-toggle=\"collapse\" data-bs-target=\"#faq9\" aria-expanded=\"true\" aria-controls=\"faq9\">\r\n\t\t\t\t\t\t10- Comment puis-je obtenir une offre de Pro Chef ?\t\t\t\t\t<\/button>\r\n\t\t\t\t<\/h5>\r\n\t\t\t\t<div id=\"faq9\" class=\"accordion-collapse collapse\" data-bs-parent=\"#accordion\">\r\n\t\t\t\t\t<div class=\"accordion-body\">\r\n\t\t\t\t\t\tVous pouvez nous contacter via notre site internet ou via le service client. Si vous nous envoyez les d\u00e9tails de votre projet, nous vous r\u00e9pondrons dans les plus brefs d\u00e9lais avec une offre sp\u00e9ciale.\t\t\t\t\t<\/div>\r\n\t\t\t\t<\/div>\r\n\t\t\t<\/div>\r\n\t\t\t\t\t<\/div>\r\n\t<\/div>\r\n<\/div>\r\n\r\n\r\n             \r\n\t\t\t\t<\/div>\n\t\t\t\t<\/div>\n\t\t\t\t<\/div>\n\t\t\t\t\t<\/div>\n\t\t\t\t<\/div>\n\t\t\t\t<\/div>","protected":false},"excerpt":{"rendered":"<p>1- Hafif \u00e7elik yap\u0131lar neden tercih edilmelidir? Hafif \u00e7elik yap\u0131lar, dayan\u0131kl\u0131l\u0131k, esneklik ve h\u0131z gibi avantajlar sunar. Deprem dayan\u0131m\u0131 y\u00fcksek olup, geleneksel yap\u0131 sistemlerine g\u00f6re daha k\u0131sa s\u00fcrede in\u015fa edilebilir. Ayr\u0131ca, hafif \u00e7elik, \u00e7evre dostu bir yap\u0131 malzemesidir. 2- Projenin planlanmas\u0131ndan teslimine kadar ge\u00e7en s\u00fcre\u00e7 ne kadar s\u00fcrer? S\u00fcre\u00e7, projenin kapsam\u0131na ve gereksinimlere g\u00f6re de\u011fi\u015fiklik<\/p>","protected":false},"author":1,"featured_media":0,"parent":0,"menu_order":0,"comment_status":"closed","ping_status":"closed","template":"elementor_header_footer","meta":{"inline_featured_image":false,"pgc_sgb_lightbox_settings":"","_joinchat":[],"footnotes":""},"class_list":["post-1181","page","type-page","status-publish","hentry"],"_links":{"self":[{"href":"https:\/\/prochefmarket.com\/fr\/wp-json\/wp\/v2\/pages\/1181","targetHints":{"allow":["GET"]}}],"collection":[{"href":"https:\/\/prochefmarket.com\/fr\/wp-json\/wp\/v2\/pages"}],"about":[{"href":"https:\/\/prochefmarket.com\/fr\/wp-json\/wp\/v2\/types\/page"}],"author":[{"embeddable":true,"href":"https:\/\/prochefmarket.com\/fr\/wp-json\/wp\/v2\/users\/1"}],"replies":[{"embeddable":true,"href":"https:\/\/prochefmarket.com\/fr\/wp-json\/wp\/v2\/comments?post=1181"}],"version-history":[{"count":11,"href":"https:\/\/prochefmarket.com\/fr\/wp-json\/wp\/v2\/pages\/1181\/revisions"}],"predecessor-version":[{"id":2758,"href":"https:\/\/prochefmarket.com\/fr\/wp-json\/wp\/v2\/pages\/1181\/revisions\/2758"}],"wp:attachment":[{"href":"https:\/\/prochefmarket.com\/fr\/wp-json\/wp\/v2\/media?parent=1181"}],"curies":[{"name":"wp","href":"https:\/\/api.w.org\/{rel}","templated":true}]}}