{"id":1133,"date":"2024-08-14T13:42:22","date_gmt":"2024-08-14T13:42:22","guid":{"rendered":"https:\/\/gramentheme.com\/wp\/xbuild\/?page_id=1133"},"modified":"2025-04-02T14:05:27","modified_gmt":"2025-04-02T11:05:27","slug":"iletisim","status":"publish","type":"page","link":"https:\/\/prochefmarket.com\/fr\/iletisim\/","title":{"rendered":"Contactez"},"content":{"rendered":"<div data-elementor-type=\"wp-page\" data-elementor-id=\"1133\" class=\"elementor elementor-1133\" data-elementor-post-type=\"page\">\n\t\t\t\t<div class=\"elementor-element elementor-element-4a37e46 ilesayimg e-flex e-con-boxed e-con e-parent\" data-id=\"4a37e46\" data-element_type=\"container\" data-settings=\"{&quot;background_background&quot;:&quot;classic&quot;}\">\n\t\t\t\t\t<div class=\"e-con-inner\">\n\t\t\t\t<div class=\"elementor-element elementor-element-91161e5 elementor-widget elementor-widget-konstic-heading-title-widget\" data-id=\"91161e5\" data-element_type=\"widget\" data-widget_type=\"konstic-heading-title-widget.default\">\n\t\t\t\t<div class=\"elementor-widget-container\">\n\t\t\t\r\n\t\r\n\r\n<div class=\"section-title m-0\">\r\n\t<h6><i class=\"fa-sharp fa-solid fa-hammer me-2\"><\/i>Contactez<\/h6>\r\n<\/div>\r\n\r\n\t\r\n\r\n             \r\n\t\t\t\t<\/div>\n\t\t\t\t<\/div>\n\t\t\t\t<div class=\"elementor-element elementor-element-74dfbcb elementor-widget elementor-widget-heading\" data-id=\"74dfbcb\" data-element_type=\"widget\" data-widget_type=\"heading.default\">\n\t\t\t\t<div class=\"elementor-widget-container\">\n\t\t\t<h2 class=\"elementor-heading-title elementor-size-default\">Coordonn\u00e9es<\/h2>\t\t<\/div>\n\t\t\t\t<\/div>\n\t\t<div class=\"elementor-element elementor-element-cf60e2f e-con-full e-flex e-con e-child\" data-id=\"cf60e2f\" data-element_type=\"container\" data-settings=\"{&quot;background_background&quot;:&quot;classic&quot;}\">\n\t\t<div class=\"elementor-element elementor-element-3cd58fe e-con-full e-flex e-con e-child\" data-id=\"3cd58fe\" data-element_type=\"container\" data-settings=\"{&quot;background_background&quot;:&quot;classic&quot;}\">\n\t\t<div class=\"elementor-element elementor-element-2ac4337 e-con-full e-flex e-con e-child\" data-id=\"2ac4337\" data-element_type=\"container\">\n\t\t\t\t<div class=\"elementor-element elementor-element-6dba998 elementor-widget elementor-widget-image\" data-id=\"6dba998\" data-element_type=\"widget\" data-widget_type=\"image.default\">\n\t\t\t\t<div class=\"elementor-widget-container\">\n\t\t\t\t\t\t\t\t\t\t\t\t\t<img fetchpriority=\"high\" decoding=\"async\" width=\"740\" height=\"740\" src=\"https:\/\/prochefmarket.com\/wp-content\/uploads\/2024\/08\/18-1.svg\" class=\"attachment-large size-large wp-image-1618\" alt=\"\" \/>\t\t\t\t\t\t\t\t\t\t\t\t\t<\/div>\n\t\t\t\t<\/div>\n\t\t\t\t<\/div>\n\t\t<div class=\"elementor-element elementor-element-afda1f3 e-con-full e-flex e-con e-child\" data-id=\"afda1f3\" data-element_type=\"container\">\n\t\t\t\t<div class=\"elementor-element elementor-element-6cc112a elementor-widget elementor-widget-heading\" data-id=\"6cc112a\" data-element_type=\"widget\" data-widget_type=\"heading.default\">\n\t\t\t\t<div class=\"elementor-widget-container\">\n\t\t\t<h4 class=\"elementor-heading-title elementor-size-default\"><a href=\"#ilesayharita\">Adresse<\/a><\/h4>\t\t<\/div>\n\t\t\t\t<\/div>\n\t\t\t\t<div class=\"elementor-element elementor-element-1d3c359 elementor-widget elementor-widget-heading\" data-id=\"1d3c359\" data-element_type=\"widget\" data-widget_type=\"heading.default\">\n\t\t\t\t<div class=\"elementor-widget-container\">\n\t\t\t<p class=\"elementor-heading-title elementor-size-default\"><a href=\"#ilesayharita\">Yesilyurt\/Malatya<\/a><\/p>\t\t<\/div>\n\t\t\t\t<\/div>\n\t\t\t\t<\/div>\n\t\t\t\t<\/div>\n\t\t<div class=\"elementor-element elementor-element-adaaa4e e-con-full e-flex e-con e-child\" data-id=\"adaaa4e\" data-element_type=\"container\" data-settings=\"{&quot;background_background&quot;:&quot;classic&quot;}\">\n\t\t<div class=\"elementor-element elementor-element-69350bd e-con-full e-flex e-con e-child\" data-id=\"69350bd\" data-element_type=\"container\">\n\t\t\t\t<div class=\"elementor-element elementor-element-8c441c9 elementor-widget elementor-widget-image\" data-id=\"8c441c9\" data-element_type=\"widget\" data-widget_type=\"image.default\">\n\t\t\t\t<div class=\"elementor-widget-container\">\n\t\t\t\t\t\t\t\t\t\t\t\t\t<img decoding=\"async\" width=\"740\" height=\"451\" src=\"https:\/\/prochefmarket.com\/wp-content\/uploads\/2024\/08\/19-1.svg\" class=\"attachment-large size-large wp-image-1617\" alt=\"\" \/>\t\t\t\t\t\t\t\t\t\t\t\t\t<\/div>\n\t\t\t\t<\/div>\n\t\t\t\t<\/div>\n\t\t<div class=\"elementor-element elementor-element-08a693d e-con-full e-flex e-con e-child\" data-id=\"08a693d\" data-element_type=\"container\">\n\t\t\t\t<div class=\"elementor-element elementor-element-f5ccb6e elementor-widget elementor-widget-heading\" data-id=\"f5ccb6e\" data-element_type=\"widget\" data-widget_type=\"heading.default\">\n\t\t\t\t<div class=\"elementor-widget-container\">\n\t\t\t<h4 class=\"elementor-heading-title elementor-size-default\">T\u00e9l\u00e9phone \/ Email<\/h4>\t\t<\/div>\n\t\t\t\t<\/div>\n\t\t\t\t<div class=\"elementor-element elementor-element-97c6ecd elementor-widget elementor-widget-heading\" data-id=\"97c6ecd\" data-element_type=\"widget\" data-widget_type=\"heading.default\">\n\t\t\t\t<div class=\"elementor-widget-container\">\n\t\t\t<p class=\"elementor-heading-title elementor-size-default\"><a href=\"tel:+90%20545%20881%2081%2098\">+90 545 881 81 98<\/a><\/p>\t\t<\/div>\n\t\t\t\t<\/div>\n\t\t\t\t<div class=\"elementor-element elementor-element-8375bfc elementor-widget elementor-widget-heading\" data-id=\"8375bfc\" data-element_type=\"widget\" data-widget_type=\"heading.default\">\n\t\t\t\t<div class=\"elementor-widget-container\">\n\t\t\t<p class=\"elementor-heading-title elementor-size-default\"><a href=\"mailto:info@prochefmarket.com\">info@prochefmarket.com<\/a><\/p>\t\t<\/div>\n\t\t\t\t<\/div>\n\t\t\t\t<\/div>\n\t\t\t\t<\/div>\n\t\t<div class=\"elementor-element elementor-element-00d102a e-con-full e-flex e-con e-child\" data-id=\"00d102a\" data-element_type=\"container\" data-settings=\"{&quot;background_background&quot;:&quot;classic&quot;}\">\n\t\t<div class=\"elementor-element elementor-element-286c9cb e-con-full e-flex e-con e-child\" data-id=\"286c9cb\" data-element_type=\"container\">\n\t\t\t\t<div class=\"elementor-element elementor-element-bc946f2 elementor-widget elementor-widget-image\" data-id=\"bc946f2\" data-element_type=\"widget\" data-widget_type=\"image.default\">\n\t\t\t\t<div class=\"elementor-widget-container\">\n\t\t\t\t\t\t\t\t\t\t\t\t\t<img decoding=\"async\" width=\"740\" height=\"740\" src=\"https:\/\/prochefmarket.com\/wp-content\/uploads\/2024\/08\/20-1.svg\" class=\"attachment-large size-large wp-image-1616\" alt=\"\" \/>\t\t\t\t\t\t\t\t\t\t\t\t\t<\/div>\n\t\t\t\t<\/div>\n\t\t\t\t<\/div>\n\t\t<div class=\"elementor-element elementor-element-5977e79 e-con-full e-flex e-con e-child\" data-id=\"5977e79\" data-element_type=\"container\">\n\t\t\t\t<div class=\"elementor-element elementor-element-b096a8a elementor-widget elementor-widget-heading\" data-id=\"b096a8a\" data-element_type=\"widget\" data-widget_type=\"heading.default\">\n\t\t\t\t<div class=\"elementor-widget-container\">\n\t\t\t<h4 class=\"elementor-heading-title elementor-size-default\">Horaires de travail<\/h4>\t\t<\/div>\n\t\t\t\t<\/div>\n\t\t\t\t<div class=\"elementor-element elementor-element-68a4590 elementor-widget elementor-widget-heading\" data-id=\"68a4590\" data-element_type=\"widget\" data-widget_type=\"heading.default\">\n\t\t\t\t<div class=\"elementor-widget-container\">\n\t\t\t<p class=\"elementor-heading-title elementor-size-default\">Dim - Sam 08:00 - 18:00<\/p>\t\t<\/div>\n\t\t\t\t<\/div>\n\t\t\t\t<div class=\"elementor-element elementor-element-f58d4c5 elementor-widget elementor-widget-heading\" data-id=\"f58d4c5\" data-element_type=\"widget\" data-widget_type=\"heading.default\">\n\t\t\t\t<div class=\"elementor-widget-container\">\n\t\t\t<p class=\"elementor-heading-title elementor-size-default\">Dimanche ferm\u00e9<\/p>\t\t<\/div>\n\t\t\t\t<\/div>\n\t\t\t\t<\/div>\n\t\t\t\t<\/div>\n\t\t\t\t<\/div>\n\t\t\t\t\t<\/div>\n\t\t\t\t<\/div>\n\t\t<div class=\"elementor-element elementor-element-a165f9b e-flex e-con-boxed e-con e-parent\" data-id=\"a165f9b\" data-element_type=\"container\">\n\t\t\t\t\t<div class=\"e-con-inner\">\n\t\t<div class=\"elementor-element elementor-element-722269c e-con-full e-flex e-con e-child\" data-id=\"722269c\" data-element_type=\"container\" id=\"ilesayharita\">\n\t\t\t\t<div class=\"elementor-element elementor-element-bc570c1 elementor-hidden-mobile elementor-widget elementor-widget-html\" data-id=\"bc570c1\" data-element_type=\"widget\" data-widget_type=\"html.default\">\n\t\t\t\t<div class=\"elementor-widget-container\">\n\t\t\t<iframe src=\"https:\/\/www.google.com\/maps\/embed?pb=!1m17!1m12!1m3!1d14887.616596157704!2d38.19780746809128!3d38.331947212391334!2m3!1f0!2f0!3f0!3m2!1i1024!2i768!4f13.1!3m2!1m1!2zMzjCsDE5JzU0LjAiTiAzOMKwMTEnNTguMSJF!5e0!3m2!1str!2str!4v1735413057808!5m2!1str!2str\" width=\"100%\" height=\"625\" style=\"border:0;\" allowfullscreen=\"\" loading=\"lazy\" referrerpolicy=\"no-referrer-when-downgrade\"><\/iframe>\t\t<\/div>\n\t\t\t\t<\/div>\n\t\t\t\t<div class=\"elementor-element elementor-element-ad88505 elementor-hidden-desktop elementor-hidden-tablet elementor-widget elementor-widget-html\" data-id=\"ad88505\" data-element_type=\"widget\" data-widget_type=\"html.default\">\n\t\t\t\t<div class=\"elementor-widget-container\">\n\t\t\t<iframe src=\"https:\/\/www.google.com\/maps\/embed?pb=!1m17!1m12!1m3!1d14887.616596157704!2d38.19780746809128!3d38.331947212391334!2m3!1f0!2f0!3f0!3m2!1i1024!2i768!4f13.1!3m2!1m1!2zMzjCsDE5JzU0LjAiTiAzOMKwMTEnNTguMSJF!5e0!3m2!1str!2str!4v1735413057808!5m2!1str!2str\" width=\"100%\" height=\"425\" style=\"border:0;\" allowfullscreen=\"\" loading=\"lazy\" referrerpolicy=\"no-referrer-when-downgrade\"><\/iframe>\t\t<\/div>\n\t\t\t\t<\/div>\n\t\t\t\t<\/div>\n\t\t<div class=\"elementor-element elementor-element-31c06d6 e-con-full e-flex e-con e-child\" data-id=\"31c06d6\" data-element_type=\"container\">\n\t\t\t\t<div class=\"elementor-element elementor-element-67cf1c2 elementor-widget-tablet__width-initial elementor-widget elementor-widget-konstic-contact-form-widget\" data-id=\"67cf1c2\" data-element_type=\"widget\" data-widget_type=\"konstic-contact-form-widget.default\">\n\t\t\t\t<div class=\"elementor-widget-container\">\n\t\t\t\r\n\r\n   \t\t<section class=\"contact-section-22\">\r\n            <div class=\"container\">\r\n                <div class=\"contact-form-items\">\r\n                    <div class=\"title text-center\">\r\n                        <h2>Formulaire de contact<\/h2>\r\n                    <\/div>\r\n\t\t\t\t\t\n<div class=\"wpcf7 no-js\" id=\"wpcf7-f1146-o1\" lang=\"en-US\" dir=\"ltr\" data-wpcf7-id=\"1146\">\n<div class=\"screen-reader-response\"><p role=\"status\" aria-live=\"polite\" aria-atomic=\"true\"><\/p> <ul><\/ul><\/div>\n<form action=\"\/fr\/wp-json\/wp\/v2\/pages\/1133#wpcf7-f1146-o1\" method=\"post\" class=\"wpcf7-form init\" aria-label=\"Formulaire de contact\" novalidate=\"novalidate\" data-status=\"init\" data-trp-original-action=\"\/fr\/wp-json\/wp\/v2\/pages\/1133#wpcf7-f1146-o1\">\n<fieldset class=\"hidden-fields-container\"><input type=\"hidden\" name=\"_wpcf7\" value=\"1146\" \/><input type=\"hidden\" name=\"_wpcf7_version\" value=\"6.1\" \/><input type=\"hidden\" name=\"_wpcf7_locale\" value=\"en_US\" \/><input type=\"hidden\" name=\"_wpcf7_unit_tag\" value=\"wpcf7-f1146-o1\" \/><input type=\"hidden\" name=\"_wpcf7_container_post\" value=\"0\" \/><input type=\"hidden\" name=\"_wpcf7_posted_data_hash\" value=\"\" \/><input type=\"hidden\" name=\"_wpcf7_recaptcha_response\" value=\"\" \/>\n<\/fieldset>\n<div class=\"row g-4\">\n    <div class=\"col-lg-6 wow fadeInUp\">\n        <div class=\"form-clt\">\n            <span class=\"wpcf7-form-control-wrap\" data-name=\"isim\"><input size=\"40\" maxlength=\"400\" class=\"wpcf7-form-control wpcf7-text wpcf7-validates-as-required\" aria-required=\"true\" aria-invalid=\"false\" placeholder=\"Nom\" value=\"\" type=\"text\" name=\"isim\" \/><\/span>\n            <div class=\"icon\">\n                <i class=\"fa-regular fa-user\"><\/i>\n            <\/div>\n        <\/div>\n    <\/div>\n    <div class=\"col-lg-6 wow fadeInUp\">\n        <div class=\"form-clt\">\n            <span class=\"wpcf7-form-control-wrap\" data-name=\"soyisim\"><input size=\"40\" maxlength=\"400\" class=\"wpcf7-form-control wpcf7-text wpcf7-validates-as-required\" aria-required=\"true\" aria-invalid=\"false\" placeholder=\"Mon nom de famille\" value=\"\" type=\"text\" name=\"soyisim\" \/><\/span>\n            <div class=\"icon\">\n                <i class=\"fa-regular fa-user\"><\/i>\n            <\/div>\n        <\/div>\n    <\/div>\n    <div class=\"col-lg-6 wow fadeInUp\">\n        <div class=\"form-clt\">\n            <span class=\"wpcf7-form-control-wrap\" data-name=\"telefon\"><input size=\"40\" maxlength=\"400\" class=\"wpcf7-form-control wpcf7-tel wpcf7-validates-as-required wpcf7-text wpcf7-validates-as-tel\" aria-required=\"true\" aria-invalid=\"false\" placeholder=\"T\u00e9l\u00e9phone\" value=\"\" type=\"tel\" name=\"telefon\" \/><\/span>\n            <div class=\"icon\">\n                <i class=\"fa-regular fa-phone\"><\/i>\n            <\/div>\n        <\/div>\n    <\/div>\n    <div class=\"col-lg-6 wow fadeInUp\">\n        <div class=\"form-clt\">\n            <span class=\"wpcf7-form-control-wrap\" data-name=\"eposta\"><input size=\"40\" maxlength=\"400\" class=\"wpcf7-form-control wpcf7-email wpcf7-validates-as-required wpcf7-text wpcf7-validates-as-email\" aria-required=\"true\" aria-invalid=\"false\" placeholder=\"Adresse email\" value=\"\" type=\"email\" name=\"eposta\" \/><\/span>\n            <div class=\"icon\">\n                <i class=\"fa-regular fa-envelope\"><\/i>\n            <\/div>\n        <\/div>\n    <\/div>\n    <div class=\"col-lg-12 wow fadeInUp\">\n        <div class=\"form-clt\">\n            <span class=\"wpcf7-form-control-wrap\" data-name=\"mesaj\"><textarea cols=\"40\" rows=\"10\" maxlength=\"2000\" class=\"wpcf7-form-control wpcf7-textarea wpcf7-validates-as-required\" aria-required=\"true\" aria-invalid=\"false\" placeholder=\"Votre message\" name=\"mesaj\"><\/textarea><\/span>\n            <div class=\"icon\">\n                <i class=\"fa-sharp fa-light fa-pencil\"><\/i>\n            <\/div>\n        <\/div>\n    <\/div>\n    <div class=\"col-lg-12 wow fadeInUp\">\n        <button type=\"submit\" class=\"theme-btn w-100\">\n            ENVOYER\n        <\/button>\n    <\/div>\n<\/div><div class=\"wpcf7-response-output\" aria-hidden=\"true\"><\/div>\n<input type=\"hidden\" name=\"trp-form-language\" value=\"fr\"\/><\/form>\n<\/div>\n                <\/div>\r\n            <\/div>\r\n        <\/section>\r\n\t\r\n\r\n             \r\n\t\t\t\t<\/div>\n\t\t\t\t<\/div>\n\t\t\t\t<\/div>\n\t\t\t\t\t<\/div>\n\t\t\t\t<\/div>\n\t\t\t\t<\/div>","protected":false},"excerpt":{"rendered":"<p>\u0130leti\u015fim \u0130leti\u015fim Bilgileri Adres Ye\u015filyurt\/Malatya Telefon \/ Mail +90 545 881 81 98 info@prochefmarket.com \u00c7. Saatleri Pzr &#8211; Cmt 08:00 &#8211; 18:00 Pazar Kapal\u0131 \u0130leti\u015fim Formu G\u00d6NDER<\/p>","protected":false},"author":1,"featured_media":0,"parent":0,"menu_order":0,"comment_status":"closed","ping_status":"closed","template":"elementor_header_footer","meta":{"inline_featured_image":false,"pgc_sgb_lightbox_settings":"","_joinchat":[],"footnotes":""},"class_list":["post-1133","page","type-page","status-publish","hentry"],"_links":{"self":[{"href":"https:\/\/prochefmarket.com\/fr\/wp-json\/wp\/v2\/pages\/1133","targetHints":{"allow":["GET"]}}],"collection":[{"href":"https:\/\/prochefmarket.com\/fr\/wp-json\/wp\/v2\/pages"}],"about":[{"href":"https:\/\/prochefmarket.com\/fr\/wp-json\/wp\/v2\/types\/page"}],"author":[{"embeddable":true,"href":"https:\/\/prochefmarket.com\/fr\/wp-json\/wp\/v2\/users\/1"}],"replies":[{"embeddable":true,"href":"https:\/\/prochefmarket.com\/fr\/wp-json\/wp\/v2\/comments?post=1133"}],"version-history":[{"count":41,"href":"https:\/\/prochefmarket.com\/fr\/wp-json\/wp\/v2\/pages\/1133\/revisions"}],"predecessor-version":[{"id":3640,"href":"https:\/\/prochefmarket.com\/fr\/wp-json\/wp\/v2\/pages\/1133\/revisions\/3640"}],"wp:attachment":[{"href":"https:\/\/prochefmarket.com\/fr\/wp-json\/wp\/v2\/media?parent=1133"}],"curies":[{"name":"wp","href":"https:\/\/api.w.org\/{rel}","templated":true}]}}