{"id":1001,"date":"2024-08-14T03:44:23","date_gmt":"2024-08-14T03:44:23","guid":{"rendered":"https:\/\/gramentheme.com\/wp\/xbuild\/?page_id=1001"},"modified":"2025-01-17T18:50:05","modified_gmt":"2025-01-17T15:50:05","slug":"hizmetlerimiz","status":"publish","type":"page","link":"https:\/\/prochefmarket.com\/fr\/hizmetlerimiz\/","title":{"rendered":"Nos services"},"content":{"rendered":"<div data-elementor-type=\"wp-page\" data-elementor-id=\"1001\" class=\"elementor elementor-1001\" data-elementor-post-type=\"page\">\n\t\t\t\t<div class=\"elementor-element elementor-element-396aa3c hizmetlersayimg e-flex e-con-boxed e-con e-parent\" data-id=\"396aa3c\" data-element_type=\"container\">\n\t\t\t\t\t<div class=\"e-con-inner\">\n\t\t\t\t<div class=\"elementor-element elementor-element-4f5c9c7 elementor-widget elementor-widget-konstic-service-grid-widget\" data-id=\"4f5c9c7\" data-element_type=\"widget\" data-widget_type=\"konstic-service-grid-widget.default\">\n\t\t\t\t<div class=\"elementor-widget-container\">\n\t\t\t\r\n\r\n\t <script>\r\n jQuery(document).ready(function($) {\r\n\r\n\/\/ js code start\r\n\r\nif($(\".service-slider\").length > 0) {\r\n\tconst serviceSlider = new Swiper(\".service-slider\", {\r\n\t\tspaceBetween: 30,\r\n\t\tspeed: 2000,\r\n\t\tloop: true,\r\n\t\tautoplay: {\r\n\t\t\tdelay: 2000,\r\n\t\t\tdisableOnInteraction: false,\r\n\t\t},\r\n\t\tpagination: {\r\n\t\t\tel: \".dot\",\r\n\t\t\tclickable: true,\r\n\t\t},\r\n\t\tnavigation: {\r\n\t\t\tnextEl: \".array-prev\",\r\n\t\t\tprevEl: \".array-next\",\r\n\t\t},\r\n\t\tbreakpoints: {\r\n\t\t\t1399: {\r\n\t\t\t\tslidesPerView: 4,\r\n\t\t\t},\r\n\t\t\t1199: {\r\n\t\t\t\tslidesPerView: 3,\r\n\t\t\t},\r\n\t\t\t991: {\r\n\t\t\t\tslidesPerView: 2,\r\n\t\t\t},\r\n\t\t\t767: {\r\n\t\t\t\tslidesPerView: 2,\r\n\t\t\t},\r\n\t\t\t575: {\r\n\t\t\t\tslidesPerView: 1,\r\n\t\t\t},\r\n\t\t\t0: {\r\n\t\t\t\tslidesPerView: 1,\r\n\t\t\t},\r\n\t\t},\r\n\t});\r\n}\r\n\r\nif($(\".service-slider-2\").length > 0) {\r\n\tconst serviceSlider2 = new Swiper(\".service-slider-2\", {\r\n\t\tspaceBetween: 30,\r\n\t\tspeed: 2000,\r\n\t\tloop: true,\r\n\t\tautoplay: {\r\n\t\t\tdelay: 2000,\r\n\t\t\tdisableOnInteraction: false,\r\n\t\t},\r\n\t\tpagination: {\r\n\t\t\tel: \".service-dot\",\r\n\t\t},\r\n\t\tnavigation: {\r\n\t\t\tprevEl: \".array-prev\",\r\n\t\t\tnextEl: \".array-next\",\r\n\t\t},\r\n\t\tbreakpoints: {\r\n\t\t\t1399: {\r\n\t\t\t\tslidesPerView: 4,\r\n\t\t\t},\r\n\t\t\t1199: {\r\n\t\t\t\tslidesPerView: 3,\r\n\t\t\t},\r\n\t\t\t991: {\r\n\t\t\t\tslidesPerView: 2,\r\n\t\t\t},\r\n\t\t\t767: {\r\n\t\t\t\tslidesPerView: 2,\r\n\t\t\t},\r\n\t\t\t575: {\r\n\t\t\t\tslidesPerView: 1,\r\n\t\t\t},\r\n\t\t\t0: {\r\n\t\t\t\tslidesPerView: 1,\r\n\t\t\t},\r\n\t\t},\r\n\t});\r\n}\r\n\r\n\/\/ js code end \r\n\r\n  });\r\n<\/script>\r\n\t\r\n\r\n\t\t<div class=\"row\">\r\n\t\t\t\t\r\n\t\t\t<div class=\"col-xl-4 col-lg-6 col-md-6 wow fadeInUp\" data-wow-delay=\".3s\">\r\n\t\t\t\t<div class=\"service-box-items items-bg\">\r\n\t\t\t\t\t<div class=\"service-thumb\">\r\n\t\t\t\t\t\t\t\t\t\t\t\t\t<img decoding=\"async\" src=\"https:\/\/prochefmarket.com\/wp-content\/uploads\/2024\/10\/34252.jpg\" alt=\"\">\r\n\t\t\t\t\t\t\t\t\t\t\t\t<div class=\"icon\">\r\n\t\t\t\t\t\t\t\t\t\t\t\t\t<img decoding=\"async\" src=\"https:\/\/prochefmarket.com\/wp-content\/uploads\/2024\/08\/icon-2.png\" alt=\"\">\r\n\t\t\t\t\t\t\t\t\t\t\t\t<\/div>\r\n\t\t\t\t\t<\/div>\r\n\t\t\t\t\t<div class=\"service-content\">\r\n\t\t\t\t\t\t<h2 class=\"number\"><\/h2>\r\n\t\t\t\t\t\t<h3><a href=\"\/fr\/all-service\/prefabrik\/\">Pr\u00e9fabriqu\u00e9<\/a><\/h3>\r\n\t\t\t\t\t\t<p>\r\n\t\t\t\t\t\t\tLes b\u00e2timents pr\u00e9fabriqu\u00e9s offrent une solution qui se d\u00e9veloppe rapidement et gagne en popularit\u00e9 dans le secteur de la construction. March\u00e9 des Chefs Professionnels...\t\t\t\t\t\t<\/p>\r\n\t\t\t\t\t\t<a href=\"\/fr\/all-service\/prefabrik\/\" class=\"theme-btn wow fadeInUp\" data-wow-delay=\".3s\">Plus <i class=\"fa-regular fa-arrow-right\"><\/i><\/a>\r\n\t\t\t\t\t<\/div>\r\n\t\t\t\t<\/div>\r\n\t\t\t<\/div>\r\n\t\t\t\t\r\n\t\t\t<div class=\"col-xl-4 col-lg-6 col-md-6 wow fadeInUp\" data-wow-delay=\".3s\">\r\n\t\t\t\t<div class=\"service-box-items items-bg\">\r\n\t\t\t\t\t<div class=\"service-thumb\">\r\n\t\t\t\t\t\t\t\t\t\t\t\t\t<img decoding=\"async\" src=\"https:\/\/prochefmarket.com\/wp-content\/uploads\/2024\/12\/123456789873.jpg\" alt=\"\">\r\n\t\t\t\t\t\t\t\t\t\t\t\t<div class=\"icon\">\r\n\t\t\t\t\t\t\t\t\t\t\t\t\t<img decoding=\"async\" src=\"https:\/\/prochefmarket.com\/wp-content\/uploads\/2024\/08\/icon-2.png\" alt=\"\">\r\n\t\t\t\t\t\t\t\t\t\t\t\t<\/div>\r\n\t\t\t\t\t<\/div>\r\n\t\t\t\t\t<div class=\"service-content\">\r\n\t\t\t\t\t\t<h2 class=\"number\"><\/h2>\r\n\t\t\t\t\t\t<h3><a href=\"\/fr\/all-service\/konteyner\/\">Conteneur<\/a><\/h3>\r\n\t\t\t\t\t\t<p>\r\n\t\t\t\t\t\t\tLes structures de conteneurs offrent des solutions flexibles et pratiques adapt\u00e9es aux besoins de la vie moderne. March\u00e9 ProChef...\t\t\t\t\t\t<\/p>\r\n\t\t\t\t\t\t<a href=\"\/fr\/all-service\/konteyner\/\" class=\"theme-btn wow fadeInUp\" data-wow-delay=\".3s\">Plus <i class=\"fa-regular fa-arrow-right\"><\/i><\/a>\r\n\t\t\t\t\t<\/div>\r\n\t\t\t\t<\/div>\r\n\t\t\t<\/div>\r\n\t\t\t\t\r\n\t\t\t<div class=\"col-xl-4 col-lg-6 col-md-6 wow fadeInUp\" data-wow-delay=\".3s\">\r\n\t\t\t\t<div class=\"service-box-items items-bg\">\r\n\t\t\t\t\t<div class=\"service-thumb\">\r\n\t\t\t\t\t\t\t\t\t\t\t\t\t<img decoding=\"async\" src=\"https:\/\/prochefmarket.com\/wp-content\/uploads\/2024\/10\/5643244534.jpg\" alt=\"\">\r\n\t\t\t\t\t\t\t\t\t\t\t\t<div class=\"icon\">\r\n\t\t\t\t\t\t\t\t\t\t\t\t\t<img decoding=\"async\" src=\"https:\/\/prochefmarket.com\/wp-content\/uploads\/2024\/08\/icon-2.png\" alt=\"\">\r\n\t\t\t\t\t\t\t\t\t\t\t\t<\/div>\r\n\t\t\t\t\t<\/div>\r\n\t\t\t\t\t<div class=\"service-content\">\r\n\t\t\t\t\t\t<h2 class=\"number\"><\/h2>\r\n\t\t\t\t\t\t<h3><a href=\"\/fr\/all-service\/hafif-celik\/\">Acier l\u00e9ger<\/a><\/h3>\r\n\t\t\t\t\t\t<p>\r\n\t\t\t\t\t\t\tLes structures en acier l\u00e9ger sont l\u2019une des solutions les plus innovantes dans le secteur de la construction moderne. En tant que Pro Chef Market, acier doux...\t\t\t\t\t\t<\/p>\r\n\t\t\t\t\t\t<a href=\"\/fr\/all-service\/hafif-celik\/\" class=\"theme-btn wow fadeInUp\" data-wow-delay=\".3s\">Plus <i class=\"fa-regular fa-arrow-right\"><\/i><\/a>\r\n\t\t\t\t\t<\/div>\r\n\t\t\t\t<\/div>\r\n\t\t\t<\/div>\r\n\t\t\t\t\r\n\t\t\t<div class=\"col-xl-4 col-lg-6 col-md-6 wow fadeInUp\" data-wow-delay=\".3s\">\r\n\t\t\t\t<div class=\"service-box-items items-bg\">\r\n\t\t\t\t\t<div class=\"service-thumb\">\r\n\t\t\t\t\t\t\t\t\t\t\t\t\t<img decoding=\"async\" src=\"https:\/\/prochefmarket.com\/wp-content\/uploads\/2024\/10\/245796834547457.jpg\" alt=\"\">\r\n\t\t\t\t\t\t\t\t\t\t\t\t<div class=\"icon\">\r\n\t\t\t\t\t\t\t\t\t\t\t\t\t<img decoding=\"async\" src=\"https:\/\/prochefmarket.com\/wp-content\/uploads\/2024\/08\/icon-2.png\" alt=\"\">\r\n\t\t\t\t\t\t\t\t\t\t\t\t<\/div>\r\n\t\t\t\t\t<\/div>\r\n\t\t\t\t\t<div class=\"service-content\">\r\n\t\t\t\t\t\t<h2 class=\"number\"><\/h2>\r\n\t\t\t\t\t\t<h3><a href=\"\/fr\/all-service\/yapisal-celik\/\">Acier Structurel<\/a><\/h3>\r\n\t\t\t\t\t\t<p>\r\n\t\t\t\t\t\t\tL'acier de construction est l'une des pierres angulaires de la construction moderne et en tant que Pro Chef Market, nous sommes une entreprise sp\u00e9cialis\u00e9e dans ce domaine...\t\t\t\t\t\t<\/p>\r\n\t\t\t\t\t\t<a href=\"\/fr\/all-service\/yapisal-celik\/\" class=\"theme-btn wow fadeInUp\" data-wow-delay=\".3s\">Plus <i class=\"fa-regular fa-arrow-right\"><\/i><\/a>\r\n\t\t\t\t\t<\/div>\r\n\t\t\t\t<\/div>\r\n\t\t\t<\/div>\r\n\t\t\t\t\r\n\t\t\t<div class=\"col-xl-4 col-lg-6 col-md-6 wow fadeInUp\" data-wow-delay=\".3s\">\r\n\t\t\t\t<div class=\"service-box-items items-bg\">\r\n\t\t\t\t\t<div class=\"service-thumb\">\r\n\t\t\t\t\t\t\t\t\t\t\t\t\t<img decoding=\"async\" src=\"https:\/\/prochefmarket.com\/wp-content\/uploads\/2025\/01\/64563457457357346.jpg\" alt=\"\">\r\n\t\t\t\t\t\t\t\t\t\t\t\t<div class=\"icon\">\r\n\t\t\t\t\t\t\t\t\t\t\t\t\t<img decoding=\"async\" src=\"https:\/\/prochefmarket.com\/wp-content\/uploads\/2024\/08\/icon-2.png\" alt=\"\">\r\n\t\t\t\t\t\t\t\t\t\t\t\t<\/div>\r\n\t\t\t\t\t<\/div>\r\n\t\t\t\t\t<div class=\"service-content\">\r\n\t\t\t\t\t\t<h2 class=\"number\"><\/h2>\r\n\t\t\t\t\t\t<h3><a href=\"\/fr\/all-service\/agir-celik\/\">Acier Lourd<\/a><\/h3>\r\n\t\t\t\t\t\t<p>\r\n\t\t\t\t\t\t\tL'acier lourd est l'un des \u00e9l\u00e9ments de base des structures industrielles et des grands projets, et en tant que Pro Chef Market, nous sommes...\t\t\t\t\t\t<\/p>\r\n\t\t\t\t\t\t<a href=\"\/fr\/all-service\/agir-celik\/\" class=\"theme-btn wow fadeInUp\" data-wow-delay=\".3s\">Plus <i class=\"fa-regular fa-arrow-right\"><\/i><\/a>\r\n\t\t\t\t\t<\/div>\r\n\t\t\t\t<\/div>\r\n\t\t\t<\/div>\r\n\t\t\t\t\t<\/div>\r\n\r\n\t\t\t\r\n\r\n             \r\n\t\t\t\t<\/div>\n\t\t\t\t<\/div>\n\t\t\t\t\t<\/div>\n\t\t\t\t<\/div>\n\t\t\t\t<\/div>","protected":false},"excerpt":{"rendered":"<p>Prefabrik Prefabrik yap\u0131lar, in\u015faat sekt\u00f6r\u00fcnde h\u0131zla geli\u015fen ve pop\u00fclerlik kazanan bir \u00e7\u00f6z\u00fcm sunmaktad\u0131r. Pro Chef Market&#8230; Daha Fazla Konteyner Konteyner yap\u0131lar, modern ya\u015fam\u0131n ihtiya\u00e7lar\u0131na uygun, esnek ve pratik \u00e7\u00f6z\u00fcmler sunmaktad\u0131r. Pro Chef Market&#8230; Daha Fazla Hafif \u00c7elik Hafif \u00e7elik yap\u0131lar, modern in\u015faat sekt\u00f6r\u00fcn\u00fcn en yenilik\u00e7i \u00e7\u00f6z\u00fcmlerinden biridir. Pro Chef Market olarak, hafif \u00e7elik&#8230; Daha Fazla<\/p>","protected":false},"author":1,"featured_media":0,"parent":0,"menu_order":0,"comment_status":"closed","ping_status":"closed","template":"elementor_header_footer","meta":{"inline_featured_image":false,"pgc_sgb_lightbox_settings":"","_joinchat":[],"footnotes":""},"class_list":["post-1001","page","type-page","status-publish","hentry"],"_links":{"self":[{"href":"https:\/\/prochefmarket.com\/fr\/wp-json\/wp\/v2\/pages\/1001","targetHints":{"allow":["GET"]}}],"collection":[{"href":"https:\/\/prochefmarket.com\/fr\/wp-json\/wp\/v2\/pages"}],"about":[{"href":"https:\/\/prochefmarket.com\/fr\/wp-json\/wp\/v2\/types\/page"}],"author":[{"embeddable":true,"href":"https:\/\/prochefmarket.com\/fr\/wp-json\/wp\/v2\/users\/1"}],"replies":[{"embeddable":true,"href":"https:\/\/prochefmarket.com\/fr\/wp-json\/wp\/v2\/comments?post=1001"}],"version-history":[{"count":35,"href":"https:\/\/prochefmarket.com\/fr\/wp-json\/wp\/v2\/pages\/1001\/revisions"}],"predecessor-version":[{"id":3499,"href":"https:\/\/prochefmarket.com\/fr\/wp-json\/wp\/v2\/pages\/1001\/revisions\/3499"}],"wp:attachment":[{"href":"https:\/\/prochefmarket.com\/fr\/wp-json\/wp\/v2\/media?parent=1001"}],"curies":[{"name":"wp","href":"https:\/\/api.w.org\/{rel}","templated":true}]}}