{"id":3061,"date":"2024-12-18T21:33:34","date_gmt":"2024-12-18T18:33:34","guid":{"rendered":"https:\/\/prochefmarket.com\/?post_type=product&#038;p=3061"},"modified":"2024-12-18T21:33:34","modified_gmt":"2024-12-18T18:33:34","slug":"129m2-prefabrik-ev","status":"publish","type":"product","link":"https:\/\/prochefmarket.com\/en\/product\/129m2-prefabrik-ev\/","title":{"rendered":"129m2 Prefabricated House"},"content":{"rendered":"<p><strong>Inner Wall Thickness:<\/strong>\u00a010cm<br \/>\n<strong>Outer Wall Thickness:<\/strong>\u00a010cm<br \/>\n<strong>Ceiling:<\/strong>\u00a0Satin Plaster Suspended Ceiling<br \/>\n<strong>Roof Covering:<\/strong>\u00a010 Years Anti-Corrosion Guaranteed Tile Color<br \/>\n<strong>Door:<\/strong>\u00a0Wooden Framed, Framed American Door<br \/>\n<strong>Window:<\/strong>\u00a0All Windows Double Glazed<br \/>\n<strong>Outer Door:<\/strong>\u00a0Steel<\/p>\n<p>Real top concrete used in walls of prefabricated structures<br \/>\nmarkal\u0131 paneller t\u00fcm do\u011fa ko\u015fullar\u0131na ( su, nem, \u0131s\u0131 )\u00a0&#8216;ya kar\u015f\u0131 53 y\u0131l garantilidir.<\/p>","protected":false},"excerpt":{"rendered":"<p>The earthquakes that have been experienced frequently in our country recently have caused people to first think about life safety. Fixed and reinforced concrete structures are structures that are damaged no matter how resistant they are to earthquakes. At this point, the ease of life and the advantages of prefabricated houses have been preferred.<\/p>\n<p><b><i class=\"fas fa-long-arrow-alt-down\"><\/i>\u00a0Services Included in the Price<\/b><br \/>\n\u2022 Supply and installation of building materials.<br \/>\n\u2022 Painting and whitewashing works.<br \/>\n\u2022 Installation of all interior and exterior doors.<br \/>\n\u2022 Installing windows with plastic joinery and double glazing.<br \/>\n\u2022 Electrical installation and fittings are included in the price.<\/p>","protected":false},"featured_media":3062,"comment_status":"open","ping_status":"closed","template":"","meta":{"inline_featured_image":false,"pgc_sgb_lightbox_settings":"","wds_primary_product_brand":0,"wds_primary_product_cat":0},"product_brand":[],"product_cat":[45,46],"product_tag":[],"class_list":{"0":"post-3061","1":"product","2":"type-product","3":"status-publish","4":"has-post-thumbnail","6":"product_cat-prefabrik","7":"product_cat-tek-katli-prefabrik-evler","9":"first","10":"instock","11":"shipping-taxable","12":"product-type-simple"},"_links":{"self":[{"href":"https:\/\/prochefmarket.com\/en\/wp-json\/wp\/v2\/product\/3061","targetHints":{"allow":["GET"]}}],"collection":[{"href":"https:\/\/prochefmarket.com\/en\/wp-json\/wp\/v2\/product"}],"about":[{"href":"https:\/\/prochefmarket.com\/en\/wp-json\/wp\/v2\/types\/product"}],"replies":[{"embeddable":true,"href":"https:\/\/prochefmarket.com\/en\/wp-json\/wp\/v2\/comments?post=3061"}],"wp:featuredmedia":[{"embeddable":true,"href":"https:\/\/prochefmarket.com\/en\/wp-json\/wp\/v2\/media\/3062"}],"wp:attachment":[{"href":"https:\/\/prochefmarket.com\/en\/wp-json\/wp\/v2\/media?parent=3061"}],"wp:term":[{"taxonomy":"product_brand","embeddable":true,"href":"https:\/\/prochefmarket.com\/en\/wp-json\/wp\/v2\/product_brand?post=3061"},{"taxonomy":"product_cat","embeddable":true,"href":"https:\/\/prochefmarket.com\/en\/wp-json\/wp\/v2\/product_cat?post=3061"},{"taxonomy":"product_tag","embeddable":true,"href":"https:\/\/prochefmarket.com\/en\/wp-json\/wp\/v2\/product_tag?post=3061"}],"curies":[{"name":"wp","href":"https:\/\/api.w.org\/{rel}","templated":true}]}}