{"id":2672,"date":"2024-11-20T20:01:47","date_gmt":"2024-11-20T17:01:47","guid":{"rendered":"https:\/\/prochefmarket.com\/?page_id=2672"},"modified":"2024-11-20T20:09:24","modified_gmt":"2024-11-20T17:09:24","slug":"proje-detay","status":"publish","type":"page","link":"https:\/\/prochefmarket.com\/en\/projelerimiz\/proje-detay\/","title":{"rendered":"Project Details"},"content":{"rendered":"<div data-elementor-type=\"wp-page\" data-elementor-id=\"2672\" class=\"elementor elementor-2672\" data-elementor-post-type=\"page\">\n\t\t\t\t<div class=\"elementor-element elementor-element-8f112e1 e-flex e-con-boxed e-con e-parent\" data-id=\"8f112e1\" data-element_type=\"container\">\n\t\t\t\t\t<div class=\"e-con-inner\">\n\t\t<div class=\"elementor-element elementor-element-5cbae97 e-con-full e-flex e-con e-child\" data-id=\"5cbae97\" data-element_type=\"container\">\n\t\t\t\t<div class=\"elementor-element elementor-element-f30cdc1 elementor-widget elementor-widget-konstic-heading-title-widget\" data-id=\"f30cdc1\" data-element_type=\"widget\" data-widget_type=\"konstic-heading-title-widget.default\">\n\t\t\t\t<div class=\"elementor-widget-container\">\n\t\t\t\r\n\t\r\n\r\n<div class=\"section-title m-0\">\r\n\t<h6><i class=\"fa-sharp fa-solid fa-hammer me-2\"><\/i>Our Projects<\/h6>\r\n<\/div>\r\n\r\n\t\r\n\r\n             \r\n\t\t\t\t<\/div>\n\t\t\t\t<\/div>\n\t\t\t\t<div class=\"elementor-element elementor-element-7349056 elementor-widget elementor-widget-heading\" data-id=\"7349056\" data-element_type=\"widget\" data-widget_type=\"heading.default\">\n\t\t\t\t<div class=\"elementor-widget-container\">\n\t\t\t<h2 class=\"elementor-heading-title elementor-size-default\">Project Detail - 1<\/h2>\t\t<\/div>\n\t\t\t\t<\/div>\n\t\t\t\t<div class=\"elementor-element elementor-element-e33c055 elementor-widget elementor-widget-text-editor\" data-id=\"e33c055\" data-element_type=\"widget\" data-widget_type=\"text-editor.default\">\n\t\t\t\t<div class=\"elementor-widget-container\">\n\t\t\t\t\t\t\t<p>Our company is a leader in the prefabricated and steel construction sector by using modern production techniques and high-quality materials to produce solid and aesthetic structures. In order to provide solutions suitable for your needs, we meticulously plan each project and customize it in line with customer demands. Our prefabricated structures stand out with their rapid construction and energy efficiency. In addition, our steel construction systems secure your projects with their durability and long-lasting structures.<\/p><p>We offer high quality steel and prefabricated building solutions for all kinds of commercial, industrial or residential projects. Our team guides you through every stage of your project and offers the most suitable solution. We manage all the planning, engineering and construction processes required to deliver your projects on time. While the flexible design features of steel structures allow for large openings and durable structures, prefabricated structures offer low cost and fast assembly.<\/p><p>With advanced technology and engineering solutions, we produce projects that meet the highest standards in the sector. With our customer satisfaction-oriented approach, we prioritize quality and safety in every project. Our company aims to build structures that will provide trouble-free use not only for today but for many years to come. We meet all kinds of needs with high-quality, environmentally friendly and sustainable structures.<\/p>\t\t\t\t\t\t<\/div>\n\t\t\t\t<\/div>\n\t\t\t\t<div class=\"elementor-element elementor-element-9dec337 elementor-widget elementor-widget-image-gallery\" data-id=\"9dec337\" data-element_type=\"widget\" data-widget_type=\"image-gallery.default\">\n\t\t\t\t<div class=\"elementor-widget-container\">\n\t\t\t\t\t<div class=\"elementor-image-gallery\">\n\t\t\t<div id='gallery-1' class='gallery galleryid-2672 gallery-columns-3 gallery-size-full'><figure class='gallery-item'>\n\t\t\t<div class='gallery-icon landscape'>\n\t\t\t\t<a data-elementor-open-lightbox=\"yes\" data-elementor-lightbox-slideshow=\"9dec337\" data-elementor-lightbox-title=\"569854634321\" data-e-action-hash=\"#elementor-action%3Aaction%3Dlightbox%26settings%3DeyJpZCI6MjI3NSwidXJsIjoiaHR0cHM6XC9cL3Byb2NoZWZtYXJrZXQuY29tXC93cC1jb250ZW50XC91cGxvYWRzXC8yMDI0XC8xMFwvNTY5ODU0NjM0MzIxLmpwZyIsInNsaWRlc2hvdyI6IjlkZWMzMzcifQ%3D%3D\" href='https:\/\/prochefmarket.com\/wp-content\/uploads\/2024\/10\/569854634321.jpg'><img fetchpriority=\"high\" decoding=\"async\" width=\"1500\" height=\"1000\" src=\"https:\/\/prochefmarket.com\/wp-content\/uploads\/2024\/10\/569854634321.jpg\" class=\"attachment-full size-full\" alt=\"\" srcset=\"https:\/\/prochefmarket.com\/wp-content\/uploads\/2024\/10\/569854634321.jpg 1500w, https:\/\/prochefmarket.com\/wp-content\/uploads\/2024\/10\/569854634321-600x400.jpg 600w, https:\/\/prochefmarket.com\/wp-content\/uploads\/2024\/10\/569854634321-300x200.jpg 300w, https:\/\/prochefmarket.com\/wp-content\/uploads\/2024\/10\/569854634321-1024x683.jpg 1024w, https:\/\/prochefmarket.com\/wp-content\/uploads\/2024\/10\/569854634321-768x512.jpg 768w\" sizes=\"(max-width: 1500px) 100vw, 1500px\" \/><\/a>\n\t\t\t<\/div><\/figure><figure class='gallery-item'>\n\t\t\t<div class='gallery-icon landscape'>\n\t\t\t\t<a data-elementor-open-lightbox=\"yes\" data-elementor-lightbox-slideshow=\"9dec337\" data-elementor-lightbox-title=\"64573454235\" data-e-action-hash=\"#elementor-action%3Aaction%3Dlightbox%26settings%3DeyJpZCI6MjI3MywidXJsIjoiaHR0cHM6XC9cL3Byb2NoZWZtYXJrZXQuY29tXC93cC1jb250ZW50XC91cGxvYWRzXC8yMDI0XC8xMFwvNjQ1NzM0NTQyMzUuanBnIiwic2xpZGVzaG93IjoiOWRlYzMzNyJ9\" href='https:\/\/prochefmarket.com\/wp-content\/uploads\/2024\/10\/64573454235.jpg'><img decoding=\"async\" width=\"1500\" height=\"1000\" src=\"https:\/\/prochefmarket.com\/wp-content\/uploads\/2024\/10\/64573454235.jpg\" class=\"attachment-full size-full\" alt=\"\" srcset=\"https:\/\/prochefmarket.com\/wp-content\/uploads\/2024\/10\/64573454235.jpg 1500w, https:\/\/prochefmarket.com\/wp-content\/uploads\/2024\/10\/64573454235-600x400.jpg 600w, https:\/\/prochefmarket.com\/wp-content\/uploads\/2024\/10\/64573454235-300x200.jpg 300w, https:\/\/prochefmarket.com\/wp-content\/uploads\/2024\/10\/64573454235-1024x683.jpg 1024w, https:\/\/prochefmarket.com\/wp-content\/uploads\/2024\/10\/64573454235-768x512.jpg 768w\" sizes=\"(max-width: 1500px) 100vw, 1500px\" \/><\/a>\n\t\t\t<\/div><\/figure><figure class='gallery-item'>\n\t\t\t<div class='gallery-icon landscape'>\n\t\t\t\t<a data-elementor-open-lightbox=\"yes\" data-elementor-lightbox-slideshow=\"9dec337\" data-elementor-lightbox-title=\"45723242\" data-e-action-hash=\"#elementor-action%3Aaction%3Dlightbox%26settings%3DeyJpZCI6MjI3MSwidXJsIjoiaHR0cHM6XC9cL3Byb2NoZWZtYXJrZXQuY29tXC93cC1jb250ZW50XC91cGxvYWRzXC8yMDI0XC8xMFwvNDU3MjMyNDIuanBnIiwic2xpZGVzaG93IjoiOWRlYzMzNyJ9\" href='https:\/\/prochefmarket.com\/wp-content\/uploads\/2024\/10\/45723242.jpg'><img decoding=\"async\" width=\"1500\" height=\"1000\" src=\"https:\/\/prochefmarket.com\/wp-content\/uploads\/2024\/10\/45723242.jpg\" class=\"attachment-full size-full\" alt=\"\" srcset=\"https:\/\/prochefmarket.com\/wp-content\/uploads\/2024\/10\/45723242.jpg 1500w, https:\/\/prochefmarket.com\/wp-content\/uploads\/2024\/10\/45723242-600x400.jpg 600w, https:\/\/prochefmarket.com\/wp-content\/uploads\/2024\/10\/45723242-300x200.jpg 300w, https:\/\/prochefmarket.com\/wp-content\/uploads\/2024\/10\/45723242-1024x683.jpg 1024w, https:\/\/prochefmarket.com\/wp-content\/uploads\/2024\/10\/45723242-768x512.jpg 768w\" sizes=\"(max-width: 1500px) 100vw, 1500px\" \/><\/a>\n\t\t\t<\/div><\/figure><figure class='gallery-item'>\n\t\t\t<div class='gallery-icon landscape'>\n\t\t\t\t<a data-elementor-open-lightbox=\"yes\" data-elementor-lightbox-slideshow=\"9dec337\" data-elementor-lightbox-title=\"4573462334636\" data-e-action-hash=\"#elementor-action%3Aaction%3Dlightbox%26settings%3DeyJpZCI6MjI2OSwidXJsIjoiaHR0cHM6XC9cL3Byb2NoZWZtYXJrZXQuY29tXC93cC1jb250ZW50XC91cGxvYWRzXC8yMDI0XC8xMFwvNDU3MzQ2MjMzNDYzNi5qcGciLCJzbGlkZXNob3ciOiI5ZGVjMzM3In0%3D\" href='https:\/\/prochefmarket.com\/wp-content\/uploads\/2024\/10\/4573462334636.jpg'><img loading=\"lazy\" decoding=\"async\" width=\"1500\" height=\"1000\" src=\"https:\/\/prochefmarket.com\/wp-content\/uploads\/2024\/10\/4573462334636.jpg\" class=\"attachment-full size-full\" alt=\"\" srcset=\"https:\/\/prochefmarket.com\/wp-content\/uploads\/2024\/10\/4573462334636.jpg 1500w, https:\/\/prochefmarket.com\/wp-content\/uploads\/2024\/10\/4573462334636-600x400.jpg 600w, https:\/\/prochefmarket.com\/wp-content\/uploads\/2024\/10\/4573462334636-300x200.jpg 300w, https:\/\/prochefmarket.com\/wp-content\/uploads\/2024\/10\/4573462334636-1024x683.jpg 1024w, https:\/\/prochefmarket.com\/wp-content\/uploads\/2024\/10\/4573462334636-768x512.jpg 768w\" sizes=\"(max-width: 1500px) 100vw, 1500px\" \/><\/a>\n\t\t\t<\/div><\/figure><figure class='gallery-item'>\n\t\t\t<div class='gallery-icon landscape'>\n\t\t\t\t<a data-elementor-open-lightbox=\"yes\" data-elementor-lightbox-slideshow=\"9dec337\" data-elementor-lightbox-title=\"34252\" data-e-action-hash=\"#elementor-action%3Aaction%3Dlightbox%26settings%3DeyJpZCI6MjI2NywidXJsIjoiaHR0cHM6XC9cL3Byb2NoZWZtYXJrZXQuY29tXC93cC1jb250ZW50XC91cGxvYWRzXC8yMDI0XC8xMFwvMzQyNTIuanBnIiwic2xpZGVzaG93IjoiOWRlYzMzNyJ9\" href='https:\/\/prochefmarket.com\/wp-content\/uploads\/2024\/10\/34252.jpg'><img loading=\"lazy\" decoding=\"async\" width=\"1500\" height=\"1000\" src=\"https:\/\/prochefmarket.com\/wp-content\/uploads\/2024\/10\/34252.jpg\" class=\"attachment-full size-full\" alt=\"\" srcset=\"https:\/\/prochefmarket.com\/wp-content\/uploads\/2024\/10\/34252.jpg 1500w, https:\/\/prochefmarket.com\/wp-content\/uploads\/2024\/10\/34252-600x400.jpg 600w, https:\/\/prochefmarket.com\/wp-content\/uploads\/2024\/10\/34252-300x200.jpg 300w, https:\/\/prochefmarket.com\/wp-content\/uploads\/2024\/10\/34252-1024x683.jpg 1024w, https:\/\/prochefmarket.com\/wp-content\/uploads\/2024\/10\/34252-768x512.jpg 768w\" sizes=\"(max-width: 1500px) 100vw, 1500px\" \/><\/a>\n\t\t\t<\/div><\/figure>\n\t\t<\/div>\n\t\t<\/div>\n\t\t\t\t<\/div>\n\t\t\t\t<\/div>\n\t\t\t\t<\/div>\n\t\t\t\t\t<\/div>\n\t\t\t\t<\/div>\n\t\t\t\t<\/div>","protected":false},"excerpt":{"rendered":"<p>Projelerimiz Proje Detay &#8211; 1 Firmam\u0131z, sa\u011flam ve estetik yap\u0131lar \u00fcretmek i\u00e7in modern \u00fcretim tekniklerini ve y\u00fcksek kaliteli malzemeleri kullanarak, prefabrik ve \u00e7elik yap\u0131 sekt\u00f6r\u00fcnde lider konumda bulunmaktad\u0131r. \u0130htiya\u00e7lar\u0131n\u0131za uygun \u00e7\u00f6z\u00fcmler sunmak amac\u0131yla, her projeyi titizlikle planl\u0131yor ve m\u00fc\u015fteri talepleri do\u011frultusunda \u00f6zelle\u015ftiriyoruz. Prefabrik yap\u0131lar\u0131m\u0131z, h\u0131zla in\u015fa edilebilir olmalar\u0131 ve enerji verimlili\u011fi sa\u011flamalar\u0131 ile \u00f6ne \u00e7\u0131kar.<\/p>","protected":false},"author":1,"featured_media":0,"parent":1021,"menu_order":0,"comment_status":"closed","ping_status":"closed","template":"elementor_header_footer","meta":{"inline_featured_image":false,"pgc_sgb_lightbox_settings":"","_joinchat":[],"footnotes":""},"class_list":["post-2672","page","type-page","status-publish","hentry"],"_links":{"self":[{"href":"https:\/\/prochefmarket.com\/en\/wp-json\/wp\/v2\/pages\/2672","targetHints":{"allow":["GET"]}}],"collection":[{"href":"https:\/\/prochefmarket.com\/en\/wp-json\/wp\/v2\/pages"}],"about":[{"href":"https:\/\/prochefmarket.com\/en\/wp-json\/wp\/v2\/types\/page"}],"author":[{"embeddable":true,"href":"https:\/\/prochefmarket.com\/en\/wp-json\/wp\/v2\/users\/1"}],"replies":[{"embeddable":true,"href":"https:\/\/prochefmarket.com\/en\/wp-json\/wp\/v2\/comments?post=2672"}],"version-history":[{"count":20,"href":"https:\/\/prochefmarket.com\/en\/wp-json\/wp\/v2\/pages\/2672\/revisions"}],"predecessor-version":[{"id":2692,"href":"https:\/\/prochefmarket.com\/en\/wp-json\/wp\/v2\/pages\/2672\/revisions\/2692"}],"up":[{"embeddable":true,"href":"https:\/\/prochefmarket.com\/en\/wp-json\/wp\/v2\/pages\/1021"}],"wp:attachment":[{"href":"https:\/\/prochefmarket.com\/en\/wp-json\/wp\/v2\/media?parent=2672"}],"curies":[{"name":"wp","href":"https:\/\/api.w.org\/{rel}","templated":true}]}}