{"id":1181,"date":"2024-08-14T15:18:37","date_gmt":"2024-08-14T15:18:37","guid":{"rendered":"https:\/\/gramentheme.com\/wp\/xbuild\/?page_id=1181"},"modified":"2024-11-20T21:01:35","modified_gmt":"2024-11-20T18:01:35","slug":"sikca-sorulan-sorular","status":"publish","type":"page","link":"https:\/\/prochefmarket.com\/en\/sikca-sorulan-sorular\/","title":{"rendered":"Frequently Asked Questions"},"content":{"rendered":"<div data-elementor-type=\"wp-page\" data-elementor-id=\"1181\" class=\"elementor elementor-1181\" data-elementor-post-type=\"page\">\n\t\t\t\t<div class=\"elementor-element elementor-element-840e39c e-flex e-con-boxed e-con e-parent\" data-id=\"840e39c\" data-element_type=\"container\" data-settings=\"{&quot;background_background&quot;:&quot;classic&quot;}\">\n\t\t\t\t\t<div class=\"e-con-inner\">\n\t\t<div class=\"elementor-element elementor-element-dcf3a16 e-con-full e-flex e-con e-child\" data-id=\"dcf3a16\" data-element_type=\"container\">\n\t\t\t\t<div class=\"elementor-element elementor-element-8413727 elementor-widget elementor-widget-konstic-theme-accordion-widget\" data-id=\"8413727\" data-element_type=\"widget\" data-widget_type=\"konstic-theme-accordion-widget.default\">\n\t\t\t\t<div class=\"elementor-widget-container\">\n\t\t\t\r\n<div class=\"faq-wrapper\">\r\n\t<div class=\"faq-accordion ms-0\">\r\n\t\t<div class=\"accordion\" id=\"accordion\">\r\n\t\t\t\t\t\t<div class=\"accordion-item mb-3\">\r\n\t\t\t\t<h5 class=\"accordion-header\">\r\n\t\t\t\t\t<button class=\"accordion-button collapsed\" type=\"button\" data-bs-toggle=\"collapse\" data-bs-target=\"#faq0\" aria-expanded=\"true\" aria-controls=\"faq0\">\r\n\t\t\t\t\t\t1- Why should light steel structures be preferred?\t\t\t\t\t<\/button>\r\n\t\t\t\t<\/h5>\r\n\t\t\t\t<div id=\"faq0\" class=\"accordion-collapse collapse\" data-bs-parent=\"#accordion\">\r\n\t\t\t\t\t<div class=\"accordion-body\">\r\n\t\t\t\t\t\tLight steel structures offer advantages such as durability, flexibility and speed. They have high earthquake resistance and can be built in a shorter time than traditional building systems. In addition, light steel is an environmentally friendly building material.\t\t\t\t\t<\/div>\r\n\t\t\t\t<\/div>\r\n\t\t\t<\/div>\r\n\t\t\t\t\t\t<div class=\"accordion-item mb-3\">\r\n\t\t\t\t<h5 class=\"accordion-header\">\r\n\t\t\t\t\t<button class=\"accordion-button collapsed\" type=\"button\" data-bs-toggle=\"collapse\" data-bs-target=\"#faq1\" aria-expanded=\"true\" aria-controls=\"faq1\">\r\n\t\t\t\t\t\t2- How long does it take from project planning to delivery?\t\t\t\t\t<\/button>\r\n\t\t\t\t<\/h5>\r\n\t\t\t\t<div id=\"faq1\" class=\"accordion-collapse collapse show\" data-bs-parent=\"#accordion\">\r\n\t\t\t\t\t<div class=\"accordion-body\">\r\n\t\t\t\t\t\tThe process may vary depending on the scope of the project and requirements. Light steel projects are usually completed within 1-3 months, but the timeline is determined by project size and customer demands.\t\t\t\t\t<\/div>\r\n\t\t\t\t<\/div>\r\n\t\t\t<\/div>\r\n\t\t\t\t\t\t<div class=\"accordion-item mb-3\">\r\n\t\t\t\t<h5 class=\"accordion-header\">\r\n\t\t\t\t\t<button class=\"accordion-button collapsed\" type=\"button\" data-bs-toggle=\"collapse\" data-bs-target=\"#faq2\" aria-expanded=\"true\" aria-controls=\"faq2\">\r\n\t\t\t\t\t\t3- How durable are light steel structures?\t\t\t\t\t<\/button>\r\n\t\t\t\t<\/h5>\r\n\t\t\t\t<div id=\"faq2\" class=\"accordion-collapse collapse\" data-bs-parent=\"#accordion\">\r\n\t\t\t\t\t<div class=\"accordion-body\">\r\n\t\t\t\t\t\tLight steel is long-lasting and resistant to external factors thanks to its high strength. It is also made resistant to rust and fire, and can be used safely for years.\t\t\t\t\t<\/div>\r\n\t\t\t\t<\/div>\r\n\t\t\t<\/div>\r\n\t\t\t\t\t\t<div class=\"accordion-item mb-3\">\r\n\t\t\t\t<h5 class=\"accordion-header\">\r\n\t\t\t\t\t<button class=\"accordion-button collapsed\" type=\"button\" data-bs-toggle=\"collapse\" data-bs-target=\"#faq3\" aria-expanded=\"true\" aria-controls=\"faq3\">\r\n\t\t\t\t\t\t4- What is the cost of light steel structures?\t\t\t\t\t<\/button>\r\n\t\t\t\t<\/h5>\r\n\t\t\t\t<div id=\"faq3\" class=\"accordion-collapse collapse\" data-bs-parent=\"#accordion\">\r\n\t\t\t\t\t<div class=\"accordion-body\">\r\n\t\t\t\t\t\tCosts vary depending on the size of the project, design details and materials used. Light steel offers an economical solution in the long term with its fast installation and low maintenance costs.\t\t\t\t\t<\/div>\r\n\t\t\t\t<\/div>\r\n\t\t\t<\/div>\r\n\t\t\t\t\t\t<div class=\"accordion-item mb-3\">\r\n\t\t\t\t<h5 class=\"accordion-header\">\r\n\t\t\t\t\t<button class=\"accordion-button collapsed\" type=\"button\" data-bs-toggle=\"collapse\" data-bs-target=\"#faq4\" aria-expanded=\"true\" aria-controls=\"faq4\">\r\n\t\t\t\t\t\t5- What are the usage areas of container structures?\t\t\t\t\t<\/button>\r\n\t\t\t\t<\/h5>\r\n\t\t\t\t<div id=\"faq4\" class=\"accordion-collapse collapse\" data-bs-parent=\"#accordion\">\r\n\t\t\t\t\t<div class=\"accordion-body\">\r\n\t\t\t\t\t\tContainer structures are used in various areas such as offices, construction sites, temporary accommodation units, security cabins. They provide a flexible and practical building solution thanks to their portability and quick installation.\t\t\t\t\t<\/div>\r\n\t\t\t\t<\/div>\r\n\t\t\t<\/div>\r\n\t\t\t\t\t\t<div class=\"accordion-item mb-3\">\r\n\t\t\t\t<h5 class=\"accordion-header\">\r\n\t\t\t\t\t<button class=\"accordion-button collapsed\" type=\"button\" data-bs-toggle=\"collapse\" data-bs-target=\"#faq5\" aria-expanded=\"true\" aria-controls=\"faq5\">\r\n\t\t\t\t\t\t6- In which regions does Pro Chef provide service?\t\t\t\t\t<\/button>\r\n\t\t\t\t<\/h5>\r\n\t\t\t\t<div id=\"faq5\" class=\"accordion-collapse collapse\" data-bs-parent=\"#accordion\">\r\n\t\t\t\t\t<div class=\"accordion-body\">\r\n\t\t\t\t\t\tPro Chef provides services throughout T\u00fcrkiye. Depending on the project, overseas services can also be considered. We offer special solutions according to your needs.\t\t\t\t\t<\/div>\r\n\t\t\t\t<\/div>\r\n\t\t\t<\/div>\r\n\t\t\t\t\t\t<div class=\"accordion-item mb-3\">\r\n\t\t\t\t<h5 class=\"accordion-header\">\r\n\t\t\t\t\t<button class=\"accordion-button collapsed\" type=\"button\" data-bs-toggle=\"collapse\" data-bs-target=\"#faq6\" aria-expanded=\"true\" aria-controls=\"faq6\">\r\n\t\t\t\t\t\t7- Do you provide support at every stage of the project?\t\t\t\t\t<\/button>\r\n\t\t\t\t<\/h5>\r\n\t\t\t\t<div id=\"faq6\" class=\"accordion-collapse collapse\" data-bs-parent=\"#accordion\">\r\n\t\t\t\t\t<div class=\"accordion-body\">\r\n\t\t\t\t\t\tYes, we provide support at every stage of the project from start to finish. We are with you with our expert team in the design, planning, production and installation stages. We also provide after-sales technical support.\t\t\t\t\t<\/div>\r\n\t\t\t\t<\/div>\r\n\t\t\t<\/div>\r\n\t\t\t\t\t\t<div class=\"accordion-item mb-3\">\r\n\t\t\t\t<h5 class=\"accordion-header\">\r\n\t\t\t\t\t<button class=\"accordion-button collapsed\" type=\"button\" data-bs-toggle=\"collapse\" data-bs-target=\"#faq7\" aria-expanded=\"true\" aria-controls=\"faq7\">\r\n\t\t\t\t\t\t8- What climatic conditions are light steel structures suitable for?\t\t\t\t\t<\/button>\r\n\t\t\t\t<\/h5>\r\n\t\t\t\t<div id=\"faq7\" class=\"accordion-collapse collapse\" data-bs-parent=\"#accordion\">\r\n\t\t\t\t\t<div class=\"accordion-body\">\r\n\t\t\t\t\t\tLight steel structures can be designed to withstand different climatic conditions. Suitable insulation and coating systems are used for hot, cold, humid or dry climates to adapt to all conditions.\t\t\t\t\t<\/div>\r\n\t\t\t\t<\/div>\r\n\t\t\t<\/div>\r\n\t\t\t\t\t\t<div class=\"accordion-item mb-3\">\r\n\t\t\t\t<h5 class=\"accordion-header\">\r\n\t\t\t\t\t<button class=\"accordion-button collapsed\" type=\"button\" data-bs-toggle=\"collapse\" data-bs-target=\"#faq8\" aria-expanded=\"true\" aria-controls=\"faq8\">\r\n\t\t\t\t\t\t9- Do light steel structures require maintenance?\t\t\t\t\t<\/button>\r\n\t\t\t\t<\/h5>\r\n\t\t\t\t<div id=\"faq8\" class=\"accordion-collapse collapse\" data-bs-parent=\"#accordion\">\r\n\t\t\t\t\t<div class=\"accordion-body\">\r\n\t\t\t\t\t\tLight steel structures have low maintenance requirements. They are protected with a rust-resistant coating, so only periodic inspection is required. With good maintenance, the life of the structure can be extended even further.\t\t\t\t\t<\/div>\r\n\t\t\t\t<\/div>\r\n\t\t\t<\/div>\r\n\t\t\t\t\t\t<div class=\"accordion-item mb-3\">\r\n\t\t\t\t<h5 class=\"accordion-header\">\r\n\t\t\t\t\t<button class=\"accordion-button collapsed\" type=\"button\" data-bs-toggle=\"collapse\" data-bs-target=\"#faq9\" aria-expanded=\"true\" aria-controls=\"faq9\">\r\n\t\t\t\t\t\t10- How can I get an offer from Pro Chef?\t\t\t\t\t<\/button>\r\n\t\t\t\t<\/h5>\r\n\t\t\t\t<div id=\"faq9\" class=\"accordion-collapse collapse\" data-bs-parent=\"#accordion\">\r\n\t\t\t\t\t<div class=\"accordion-body\">\r\n\t\t\t\t\t\tYou can contact us through our website or our customer service. If you send us your project details, we will prepare a special offer for you and get back to you as soon as possible.\t\t\t\t\t<\/div>\r\n\t\t\t\t<\/div>\r\n\t\t\t<\/div>\r\n\t\t\t\t\t<\/div>\r\n\t<\/div>\r\n<\/div>\r\n\r\n\r\n             \r\n\t\t\t\t<\/div>\n\t\t\t\t<\/div>\n\t\t\t\t<\/div>\n\t\t\t\t\t<\/div>\n\t\t\t\t<\/div>\n\t\t\t\t<\/div>","protected":false},"excerpt":{"rendered":"<p>1- Hafif \u00e7elik yap\u0131lar neden tercih edilmelidir? Hafif \u00e7elik yap\u0131lar, dayan\u0131kl\u0131l\u0131k, esneklik ve h\u0131z gibi avantajlar sunar. Deprem dayan\u0131m\u0131 y\u00fcksek olup, geleneksel yap\u0131 sistemlerine g\u00f6re daha k\u0131sa s\u00fcrede in\u015fa edilebilir. Ayr\u0131ca, hafif \u00e7elik, \u00e7evre dostu bir yap\u0131 malzemesidir. 2- Projenin planlanmas\u0131ndan teslimine kadar ge\u00e7en s\u00fcre\u00e7 ne kadar s\u00fcrer? S\u00fcre\u00e7, projenin kapsam\u0131na ve gereksinimlere g\u00f6re de\u011fi\u015fiklik<\/p>","protected":false},"author":1,"featured_media":0,"parent":0,"menu_order":0,"comment_status":"closed","ping_status":"closed","template":"elementor_header_footer","meta":{"inline_featured_image":false,"pgc_sgb_lightbox_settings":"","_joinchat":[],"footnotes":""},"class_list":["post-1181","page","type-page","status-publish","hentry"],"_links":{"self":[{"href":"https:\/\/prochefmarket.com\/en\/wp-json\/wp\/v2\/pages\/1181","targetHints":{"allow":["GET"]}}],"collection":[{"href":"https:\/\/prochefmarket.com\/en\/wp-json\/wp\/v2\/pages"}],"about":[{"href":"https:\/\/prochefmarket.com\/en\/wp-json\/wp\/v2\/types\/page"}],"author":[{"embeddable":true,"href":"https:\/\/prochefmarket.com\/en\/wp-json\/wp\/v2\/users\/1"}],"replies":[{"embeddable":true,"href":"https:\/\/prochefmarket.com\/en\/wp-json\/wp\/v2\/comments?post=1181"}],"version-history":[{"count":11,"href":"https:\/\/prochefmarket.com\/en\/wp-json\/wp\/v2\/pages\/1181\/revisions"}],"predecessor-version":[{"id":2758,"href":"https:\/\/prochefmarket.com\/en\/wp-json\/wp\/v2\/pages\/1181\/revisions\/2758"}],"wp:attachment":[{"href":"https:\/\/prochefmarket.com\/en\/wp-json\/wp\/v2\/media?parent=1181"}],"curies":[{"name":"wp","href":"https:\/\/api.w.org\/{rel}","templated":true}]}}