{"id":1021,"date":"2024-08-14T04:34:40","date_gmt":"2024-08-14T04:34:40","guid":{"rendered":"https:\/\/gramentheme.com\/wp\/xbuild\/?page_id=1021"},"modified":"2024-11-20T21:02:09","modified_gmt":"2024-11-20T18:02:09","slug":"projelerimiz","status":"publish","type":"page","link":"https:\/\/prochefmarket.com\/en\/projelerimiz\/","title":{"rendered":"Our Projects"},"content":{"rendered":"<div data-elementor-type=\"wp-page\" data-elementor-id=\"1021\" class=\"elementor elementor-1021\" data-elementor-post-type=\"page\">\n\t\t\t\t<div class=\"elementor-element elementor-element-8d99935 projesayimg e-flex e-con-boxed e-con e-parent\" data-id=\"8d99935\" data-element_type=\"container\">\n\t\t\t\t\t<div class=\"e-con-inner\">\n\t\t\t\t<div class=\"elementor-element elementor-element-ec54597 projersayfaitem elementor-widget elementor-widget-konstic-project-grid-widget\" data-id=\"ec54597\" data-element_type=\"widget\" data-widget_type=\"konstic-project-grid-widget.default\">\n\t\t\t\t<div class=\"elementor-widget-container\">\n\t\t\t\r\n\r\n\t <script>\r\n jQuery(document).ready(function($) {\r\n\r\n\/\/ js code start\r\n\r\nif($(\".project-slider\").length > 0) {\r\n\tconst projectSlider = new Swiper(\".project-slider\", {\r\n\t\tspaceBetween: 30,\r\n\t\tspeed: 2000,\r\n\t\tloop: true,\r\n\t\tcenteredSlides: true,\r\n\t\tautoplay: {\r\n\t\t\tdelay: 2000,\r\n\t\t\tdisableOnInteraction: false,\r\n\t\t},\r\n\t\tpagination: {\r\n\t\t\tel: \".project-dot\",\r\n\t\t},\r\n\t\tbreakpoints: {\r\n\t\t\t1199: {\r\n\t\t\t\tslidesPerView: 3,\r\n\t\t\t},\r\n\t\t\t991: {\r\n\t\t\t\tslidesPerView: 2,\r\n\t\t\t},\r\n\t\t\t767: {\r\n\t\t\t\tslidesPerView: 2,\r\n\t\t\t},\r\n\t\t\t575: {\r\n\t\t\t\tslidesPerView: 1,\r\n\t\t\t},\r\n\t\t\t0: {\r\n\t\t\t\tslidesPerView: 1,\r\n\t\t\t},\r\n\t\t},\r\n\t});\r\n}\r\n\r\n\/\/ js code end \r\n\r\n  });\r\n<\/script>\r\n\t\r\n\r\n\t\t<div class=\"row g-4\">\r\n\t\t\t\t\r\n\t\t\t<div class=\"col-xl-4 col-lg-6 col-md-6\">\r\n\t\t\t\t<div class=\"project-card-items\">\r\n\t\t\t\t\t<div class=\"project-image\">\r\n\t\t\t\t\t\t<img decoding=\"async\" src=\"https:\/\/prochefmarket.com\/wp-content\/uploads\/2024\/10\/45723242.jpg\" alt=\"img\">\r\n\t\t\t\t\t\t<img decoding=\"async\" src=\"https:\/\/prochefmarket.com\/wp-content\/uploads\/2024\/10\/45723242.jpg\" alt=\"img\">\r\n\t\t\t\t\t<\/div>\r\n\t\t\t\t\t<div class=\"project-content\">\r\n\t\t\t\t\t\t<h3><a href=\"\/en\/projelerimiz\/proje-detay\/\">Project - 1<\/a><\/h3>\r\n\t\t\t\t\t\t<p>\r\n\t\t\t\t\t\t\tAs a manufacturer specialized in light steel construction, Pro Chef offers reliable and durable solutions...\t\t\t\t\t\t<\/p>\r\n\t\t\t\t\t\t<a href=\"\/en\/projelerimiz\/proje-detay\/\" class=\"theme-btn mt-3 wow fadeInUp\" data-wow-delay=\".3s\">More <i class=\"fa-regular fa-arrow-right\"><\/i><\/a>\r\n\t\t\t\t\t<\/div>\r\n\t\t\t\t\t<div class=\"shape-img\">\r\n\t\t\t\t\t\t\t\t\t\t\t<img decoding=\"async\" src=\"https:\/\/prochefmarket.com\/wp-content\/uploads\/2024\/08\/shape-left.png\" alt=\"\">\r\n\t\t\t\t\t\t\t\t\t\t<\/div>\t\t\t\t\t\r\n\t\t\t\t<\/div>\r\n\t\t\t<\/div>\r\n\t\t\t\t\r\n\t\t\t<div class=\"col-xl-4 col-lg-6 col-md-6\">\r\n\t\t\t\t<div class=\"project-card-items\">\r\n\t\t\t\t\t<div class=\"project-image\">\r\n\t\t\t\t\t\t<img decoding=\"async\" src=\"https:\/\/prochefmarket.com\/wp-content\/uploads\/2024\/10\/64573454235.jpg\" alt=\"img\">\r\n\t\t\t\t\t\t<img decoding=\"async\" src=\"https:\/\/prochefmarket.com\/wp-content\/uploads\/2024\/10\/64573454235.jpg\" alt=\"img\">\r\n\t\t\t\t\t<\/div>\r\n\t\t\t\t\t<div class=\"project-content\">\r\n\t\t\t\t\t\t<h3><a href=\"\/en\/projelerimiz\/proje-detay\/\">Project - 2<\/a><\/h3>\r\n\t\t\t\t\t\t<p>\r\n\t\t\t\t\t\t\tAs a manufacturer specialized in light steel construction, Pro Chef offers reliable and durable solutions...\t\t\t\t\t\t<\/p>\r\n\t\t\t\t\t\t<a href=\"\/en\/projelerimiz\/proje-detay\/\" class=\"theme-btn mt-3 wow fadeInUp\" data-wow-delay=\".3s\">More <i class=\"fa-regular fa-arrow-right\"><\/i><\/a>\r\n\t\t\t\t\t<\/div>\r\n\t\t\t\t\t<div class=\"shape-img\">\r\n\t\t\t\t\t\t\t\t\t\t\t<img decoding=\"async\" src=\"https:\/\/prochefmarket.com\/wp-content\/uploads\/2024\/08\/shape-left.png\" alt=\"\">\r\n\t\t\t\t\t\t\t\t\t\t<\/div>\t\t\t\t\t\r\n\t\t\t\t<\/div>\r\n\t\t\t<\/div>\r\n\t\t\t\t\r\n\t\t\t<div class=\"col-xl-4 col-lg-6 col-md-6\">\r\n\t\t\t\t<div class=\"project-card-items\">\r\n\t\t\t\t\t<div class=\"project-image\">\r\n\t\t\t\t\t\t<img decoding=\"async\" src=\"https:\/\/prochefmarket.com\/wp-content\/uploads\/2024\/10\/569854634321.jpg\" alt=\"img\">\r\n\t\t\t\t\t\t<img decoding=\"async\" src=\"https:\/\/prochefmarket.com\/wp-content\/uploads\/2024\/10\/569854634321.jpg\" alt=\"img\">\r\n\t\t\t\t\t<\/div>\r\n\t\t\t\t\t<div class=\"project-content\">\r\n\t\t\t\t\t\t<h3><a href=\"\/en\/projelerimiz\/proje-detay\/\">Project - 3<\/a><\/h3>\r\n\t\t\t\t\t\t<p>\r\n\t\t\t\t\t\t\tAs a manufacturer specialized in light steel construction, Pro Chef offers reliable and durable solutions...\t\t\t\t\t\t<\/p>\r\n\t\t\t\t\t\t<a href=\"\/en\/projelerimiz\/proje-detay\/\" class=\"theme-btn mt-3 wow fadeInUp\" data-wow-delay=\".3s\">More <i class=\"fa-regular fa-arrow-right\"><\/i><\/a>\r\n\t\t\t\t\t<\/div>\r\n\t\t\t\t\t<div class=\"shape-img\">\r\n\t\t\t\t\t\t\t\t\t\t\t<img decoding=\"async\" src=\"https:\/\/prochefmarket.com\/wp-content\/uploads\/2024\/08\/shape-left.png\" alt=\"\">\r\n\t\t\t\t\t\t\t\t\t\t<\/div>\t\t\t\t\t\r\n\t\t\t\t<\/div>\r\n\t\t\t<\/div>\r\n\t\t\t\t\t<\/div>\r\n\r\n\t\t\t\r\n\r\n             \r\n\t\t\t\t<\/div>\n\t\t\t\t<\/div>\n\t\t\t\t\t<\/div>\n\t\t\t\t<\/div>\n\t\t\t\t<\/div>","protected":false},"excerpt":{"rendered":"<p>Proje &#8211; 1 Pro Chef, hafif \u00e7elik yap\u0131 \u00fcretiminde uzmanla\u015fm\u0131\u015f bir \u00fcretici olarak g\u00fcvenilir ve dayan\u0131kl\u0131 \u00e7\u00f6z\u00fcmler sunuyor&#8230; Daha Fazla Proje &#8211; 2 Pro Chef, hafif \u00e7elik yap\u0131 \u00fcretiminde uzmanla\u015fm\u0131\u015f bir \u00fcretici olarak g\u00fcvenilir ve dayan\u0131kl\u0131 \u00e7\u00f6z\u00fcmler sunuyor&#8230; Daha Fazla Proje &#8211; 3 Pro Chef, hafif \u00e7elik yap\u0131 \u00fcretiminde uzmanla\u015fm\u0131\u015f bir \u00fcretici olarak g\u00fcvenilir ve<\/p>","protected":false},"author":1,"featured_media":0,"parent":0,"menu_order":0,"comment_status":"closed","ping_status":"closed","template":"elementor_header_footer","meta":{"inline_featured_image":false,"pgc_sgb_lightbox_settings":"","_joinchat":[],"footnotes":""},"class_list":["post-1021","page","type-page","status-publish","hentry"],"_links":{"self":[{"href":"https:\/\/prochefmarket.com\/en\/wp-json\/wp\/v2\/pages\/1021","targetHints":{"allow":["GET"]}}],"collection":[{"href":"https:\/\/prochefmarket.com\/en\/wp-json\/wp\/v2\/pages"}],"about":[{"href":"https:\/\/prochefmarket.com\/en\/wp-json\/wp\/v2\/types\/page"}],"author":[{"embeddable":true,"href":"https:\/\/prochefmarket.com\/en\/wp-json\/wp\/v2\/users\/1"}],"replies":[{"embeddable":true,"href":"https:\/\/prochefmarket.com\/en\/wp-json\/wp\/v2\/comments?post=1021"}],"version-history":[{"count":19,"href":"https:\/\/prochefmarket.com\/en\/wp-json\/wp\/v2\/pages\/1021\/revisions"}],"predecessor-version":[{"id":2761,"href":"https:\/\/prochefmarket.com\/en\/wp-json\/wp\/v2\/pages\/1021\/revisions\/2761"}],"wp:attachment":[{"href":"https:\/\/prochefmarket.com\/en\/wp-json\/wp\/v2\/media?parent=1021"}],"curies":[{"name":"wp","href":"https:\/\/api.w.org\/{rel}","templated":true}]}}